
{"id":98,"date":"2015-03-06T19:16:30","date_gmt":"2015-03-06T18:16:30","guid":{"rendered":"http:\/\/izba.wroclawska.komornik.pl\/?page_id=98"},"modified":"2019-02-12T14:15:50","modified_gmt":"2019-02-12T13:15:50","slug":"przedmiot-dzialania-izby","status":"publish","type":"page","link":"https:\/\/izba.wroclawska.komornik.pl\/?page_id=98","title":{"rendered":"Przedmiot dzia\u0142ania izby"},"content":{"rendered":"<div class=\"headline\">\n<h1 class=\"title\">Przedmiot dzia\u0142ania izby<\/h1>\n<\/div>\n<p>Przedmiot dzia\u0142ania izb komorniczych okre\u015blaj\u0105 przepisy ustawy\u00a0z dnia 22 marca 2018 r. o komornikach s\u0105dowych [poni\u017cej wyci\u0105g z przepis\u00f3w]:<\/p>\n<p>[&#8230;]<\/p>\n<p><strong>Art.\u00a0 208.\u00a0 [Kompetencje walnego zgromadzenia izby komorniczej]<\/strong><\/p>\n<ol>\n<li>Do kompetencji walnego zgromadzenia izby komorniczej nale\u017cy:<\/li>\n<\/ol>\n<p>1) wyb\u00f3r przewodnicz\u0105cego rady izby komorniczej spo\u015br\u00f3d komornik\u00f3w;<\/p>\n<p>2) wyb\u00f3r wiceprzewodnicz\u0105cego oraz pozosta\u0142ych cz\u0142onk\u00f3w rady izby komorniczej spo\u015br\u00f3d komornik\u00f3w i asesor\u00f3w;<\/p>\n<p>3) wyb\u00f3r cz\u0142onk\u00f3w Krajowej Rady Komorniczej;<\/p>\n<p>4) zatwierdzanie &#8211; po wys\u0142uchaniu wniosk\u00f3w komisji rewizyjnej &#8211; rocznego sprawozdania przedstawianego przez rad\u0119 izby komorniczej i zamkni\u0119cie okresu rachunkowego;<\/p>\n<p>5) uchwalanie bud\u017cetu izby komorniczej;<\/p>\n<p>6) ustalanie wysoko\u015bci sk\u0142adek miesi\u0119cznych na potrzeby organ\u00f3w samorz\u0105du komorniczego;<\/p>\n<p>7) uchwalanie sk\u0142adek na okre\u015blone cele;<\/p>\n<p>8) uchwalanie regulaminu dzia\u0142ania rady izby komorniczej oraz regulaminu obrad walnego zgromadzenia izby komorniczej;<\/p>\n<p>9) wyra\u017canie opinii o propozycjach Krajowej Rady Komorniczej dotycz\u0105cych zasad etyki zawodowej;<\/p>\n<p>10) wyra\u017canie opinii, na wniosek Ministra Sprawiedliwo\u015bci, w innych sprawach dotycz\u0105cych komornik\u00f3w.<\/p>\n<ol start=\"2\">\n<li>Walne zgromadzenie izby komorniczej wybiera przewodnicz\u0105cego zgromadzenia i uchwala regulamin swojego dzia\u0142ania w g\u0142osowaniu jawnym.<\/li>\n<li>Walne zgromadzenie izby komorniczej podejmuje uchwa\u0142y w innych sprawach ni\u017c okre\u015blone w ust. 2 w g\u0142osowaniu tajnym.<\/li>\n<\/ol>\n<p>&nbsp;<\/p>\n<p><strong>Art.\u00a0 209.\u00a0 [Uchwa\u0142y walnego zgromadzenia izby komorniczej]<\/strong><\/p>\n<ol>\n<li>Decyzje walnego zgromadzenia izby komorniczej zapadaj\u0105 w formie uchwa\u0142. Odpisy uchwa\u0142 w sprawach, o kt\u00f3rych mowa w art. 208 ust. 1 pkt 1-3, przesy\u0142a si\u0119 Ministrowi Sprawiedliwo\u015bci.<\/li>\n<li>Do wa\u017cno\u015bci uchwa\u0142 walnego zgromadzenia izby komorniczej wymagana jest obecno\u015b\u0107 co najmniej po\u0142owy cz\u0142onk\u00f3w izby komorniczej. Uchwa\u0142y s\u0105 podejmowane zwyk\u0142\u0105 wi\u0119kszo\u015bci\u0105 g\u0142os\u00f3w.<\/li>\n<li>W przypadku g\u0142osowania nad uchwa\u0142ami w sprawach, o kt\u00f3rych mowa w art. 208 ust. 1 pkt 5 i 6, przy ustalaniu obecno\u015bci cz\u0142onk\u00f3w i wi\u0119kszo\u015bci g\u0142os\u00f3w nie uwzgl\u0119dnia si\u0119 asesor\u00f3w bior\u0105cych udzia\u0142 w walnym zgromadzeniu izby komorniczej.<\/li>\n<\/ol>\n<p>[&#8230;]<\/p>\n<p><strong>Art.\u00a0 211.\u00a0 [Rada izby komorniczej]<\/strong><\/p>\n<ol>\n<li>Rada izby komorniczej reprezentuje izb\u0119 komornicz\u0105.<\/li>\n<li>Przewodnicz\u0105cy rady izby komorniczej reprezentuje j\u0105 na zewn\u0105trz, kieruje jej pracami i przewodniczy na posiedzeniach. W przypadku nieobecno\u015bci przewodnicz\u0105cego rady izby komorniczej, jego obowi\u0105zki wykonuje wiceprzewodnicz\u0105cy rady izby komorniczej.<\/li>\n<li>Uchwa\u0142y rady izby komorniczej s\u0105 wykonywane przez przewodnicz\u0105cego rady izby komorniczej lub wyznaczonych cz\u0142onk\u00f3w.<\/li>\n<li>O\u015bwiadczenia woli w sprawach maj\u0105tkowych rada izby komorniczej sk\u0142ada w formie uchwa\u0142y.<\/li>\n<li>Uchwa\u0142y rady izby komorniczej zapadaj\u0105 zwyk\u0142\u0105 wi\u0119kszo\u015bci\u0105 g\u0142os\u00f3w w obecno\u015bci co najmniej po\u0142owy jej cz\u0142onk\u00f3w. W przypadku r\u00f3wnej liczby g\u0142os\u00f3w decyduje g\u0142os przewodnicz\u0105cego posiedzenia.<\/li>\n<\/ol>\n<p>&nbsp;<\/p>\n<p><strong>Art.\u00a0 212.\u00a0 [Zakres dzia\u0142ania rady izby komorniczej]<\/strong><\/p>\n<ol>\n<li>Do zakresu dzia\u0142ania rady izby komorniczej nale\u017cy:<\/li>\n<\/ol>\n<p>1) wyra\u017canie opinii w sprawie powo\u0142ywania i odwo\u0142ywania komornik\u00f3w i asesor\u00f3w;<\/p>\n<p>2) nadz\u00f3r nad przestrzeganiem przez komornik\u00f3w i asesor\u00f3w powagi i godno\u015bci zawodu;<\/p>\n<p>3) zlecanie komornikom wizytatorom dokonania wizytacji okre\u015blonej kancelarii;<\/p>\n<p>4) organizowanie doskonalenia zawodowego komornik\u00f3w i asesor\u00f3w;<\/p>\n<p>5) organizowanie szkolenia aplikant\u00f3w;<\/p>\n<p>6) zarz\u0105d maj\u0105tkiem izby komorniczej;<\/p>\n<p>7) zwo\u0142ywanie walnych zgromadze\u0144 izby komorniczej oraz wykonywanie uchwa\u0142 tych zgromadze\u0144;<\/p>\n<p>8) prowadzenie listy aplikant\u00f3w komorniczych;<\/p>\n<p>9) prowadzenie rejestr\u00f3w komornik\u00f3w i asesor\u00f3w oraz rejestru kancelarii i ich siedzib w obr\u0119bie danej izby komorniczej oraz zamieszczanie ich na stronie internetowej izby komorniczej;<\/p>\n<p>10) wykonywanie innych czynno\u015bci przewidzianych przepisami prawa i wynikaj\u0105cych z podj\u0119tych uchwa\u0142.<\/p>\n<ol start=\"2\">\n<li>Rada izby komorniczej przedstawia corocznie Krajowej Radzie Komorniczej informacje o li\u015bcie i rejestrach, o kt\u00f3rych mowa w ust. 1 pkt 8 i 9.<\/li>\n<\/ol>\n","protected":false},"excerpt":{"rendered":"<p>Przedmiot dzia\u0142ania izby Przedmiot dzia\u0142ania izb komorniczych okre\u015blaj\u0105 przepisy ustawy\u00a0z dnia 22 marca 2018 r. o komornikach s\u0105dowych [poni\u017cej wyci\u0105g [&hellip;]<\/p>\n","protected":false},"author":4,"featured_media":0,"parent":700,"menu_order":0,"comment_status":"open","ping_status":"closed","template":"","meta":{"footnotes":""},"class_list":["post-98","page","type-page","status-publish","hentry"],"_links":{"self":[{"href":"https:\/\/izba.wroclawska.komornik.pl\/index.php?rest_route=\/wp\/v2\/pages\/98","targetHints":{"allow":["GET"]}}],"collection":[{"href":"https:\/\/izba.wroclawska.komornik.pl\/index.php?rest_route=\/wp\/v2\/pages"}],"about":[{"href":"https:\/\/izba.wroclawska.komornik.pl\/index.php?rest_route=\/wp\/v2\/types\/page"}],"author":[{"embeddable":true,"href":"https:\/\/izba.wroclawska.komornik.pl\/index.php?rest_route=\/wp\/v2\/users\/4"}],"replies":[{"embeddable":true,"href":"https:\/\/izba.wroclawska.komornik.pl\/index.php?rest_route=%2Fwp%2Fv2%2Fcomments&post=98"}],"version-history":[{"count":3,"href":"https:\/\/izba.wroclawska.komornik.pl\/index.php?rest_route=\/wp\/v2\/pages\/98\/revisions"}],"predecessor-version":[{"id":824,"href":"https:\/\/izba.wroclawska.komornik.pl\/index.php?rest_route=\/wp\/v2\/pages\/98\/revisions\/824"}],"up":[{"embeddable":true,"href":"https:\/\/izba.wroclawska.komornik.pl\/index.php?rest_route=\/wp\/v2\/pages\/700"}],"wp:attachment":[{"href":"https:\/\/izba.wroclawska.komornik.pl\/index.php?rest_route=%2Fwp%2Fv2%2Fmedia&parent=98"}],"curies":[{"name":"wp","href":"https:\/\/api.w.org\/{rel}","templated":true}]}}