
{"id":967,"date":"2019-06-10T09:25:33","date_gmt":"2019-06-10T07:25:33","guid":{"rendered":"http:\/\/izba.wroclawska.komornik.pl\/?page_id=967"},"modified":"2026-02-02T13:09:16","modified_gmt":"2026-02-02T12:09:16","slug":"wykaz-patronow-aplikantow-komorniczych","status":"publish","type":"page","link":"https:\/\/izba.wroclawska.komornik.pl\/?page_id=967","title":{"rendered":"Wykaz patron\u00f3w aplikant\u00f3w komorniczych"},"content":{"rendered":"<p>Rejestr patron\u00f3w Izby Komorniczej we Wroc\u0142awiu zamieszczony zgodnie z \u00a76 pkt 5 rozporz\u0105dzenia Ministra Sprawiedliwo\u015bci z dnia 14 grudnia 2018 r. w sprawie organizacji i przebiegu aplikacji komorniczej.<\/p>\n<p>Komornik S\u0105dowy przy S\u0105dzie Rejonowym w Legnicy Ewa Bagi\u0144ska-Tyzenhauz Kancelaria Komornicza nr IX w Legnicy<br \/>\nKomornik S\u0105dowy przy S\u0105dzie Rejonowym w Legnicy Karol Ku\u0142akowski Kancelaria Komornicza nr III w Legnicy<br \/>\nKomornik S\u0105dowy przy S\u0105dzie Rejonowym w G\u0142ogowie Pawe\u0142 Czaplicki Kancelaria Komornicza nr IV w G\u0142ogowie<br \/>\nKomornik S\u0105dowy przy S\u0105dzie Rejonowym w \u015awidnicy Ida Piecuch Kancelaria Komornicza nr II w \u015awidnicy<br \/>\nKomornik S\u0105dowy przy S\u0105dzie Rejonowym w Lubinie Maciej Kowalczyk Kancelaria Komornicza nr IV w Lubinie<br \/>\nKomornik S\u0105dowy przy S\u0105dzie Rejonowym dla Wroc\u0142awia-Fabrycznej Karolina \u015al\u0119zak Kancelaria Komornicza nr XXIII we Wroc\u0142awiu<br \/>\nKomornik S\u0105dowy przy S\u0105dzie Rejonowym w Lubaniu Anna Ku\u017amicka-Dudek Kancelaria Komornicza nr I w Lubaniu<br \/>\nKomornik S\u0105dowy przy S\u0105dzie Rejonowym w Legnicy Piotr Wodzi\u0144ski Kancelaria Komornicza nr V w Legnicy<br \/>\nKomornik S\u0105dowy przy S\u0105dzie Rejonowym dla Wroc\u0142awia-Krzyk\u00f3w \u0141ukasz Snacki Kancelaria Komornicza nr XXIII we Wroc\u0142awiu<br \/>\nKomornik S\u0105dowy przy S\u0105dzie Rejonowym w Kluczborku Maciej Kaczmarzyk Kancelaria Komornicza nr II w Kluczborku<br \/>\nKomornik S\u0105dowy przy S\u0105dzie Rejonowym w Boles\u0142awcu Grzegorz Krukar Kancelaria Komornicza nr I w Boles\u0142awcu<br \/>\nKomornik S\u0105dowy przy S\u0105dzie Rejonowym w Wa\u0142brzychu Bartosz Falender Kancelaria Komornicza nr VIII w Wa\u0142brzychu<br \/>\nKomornik S\u0105dowy przy S\u0105dzie Rejonowym w Lubinie Konrad Klemaszewski Kancelaria Komornicza nr II w Lubinie<br \/>\nKomornik S\u0105dowy przy S\u0105dzie Rejonowym w \u015arodzie \u015al\u0105skiej Albert Masternak Kancelaria Komornicza nr IV w \u015arodzie \u015al\u0105skiej<\/p>\n","protected":false},"excerpt":{"rendered":"<p>Rejestr patron\u00f3w Izby Komorniczej we Wroc\u0142awiu zamieszczony zgodnie z \u00a76 pkt 5 rozporz\u0105dzenia Ministra Sprawiedliwo\u015bci z dnia 14 grudnia 2018 [&hellip;]<\/p>\n","protected":false},"author":8,"featured_media":0,"parent":124,"menu_order":0,"comment_status":"closed","ping_status":"closed","template":"","meta":{"footnotes":""},"class_list":["post-967","page","type-page","status-publish","hentry"],"_links":{"self":[{"href":"https:\/\/izba.wroclawska.komornik.pl\/index.php?rest_route=\/wp\/v2\/pages\/967","targetHints":{"allow":["GET"]}}],"collection":[{"href":"https:\/\/izba.wroclawska.komornik.pl\/index.php?rest_route=\/wp\/v2\/pages"}],"about":[{"href":"https:\/\/izba.wroclawska.komornik.pl\/index.php?rest_route=\/wp\/v2\/types\/page"}],"author":[{"embeddable":true,"href":"https:\/\/izba.wroclawska.komornik.pl\/index.php?rest_route=\/wp\/v2\/users\/8"}],"replies":[{"embeddable":true,"href":"https:\/\/izba.wroclawska.komornik.pl\/index.php?rest_route=%2Fwp%2Fv2%2Fcomments&post=967"}],"version-history":[{"count":26,"href":"https:\/\/izba.wroclawska.komornik.pl\/index.php?rest_route=\/wp\/v2\/pages\/967\/revisions"}],"predecessor-version":[{"id":2994,"href":"https:\/\/izba.wroclawska.komornik.pl\/index.php?rest_route=\/wp\/v2\/pages\/967\/revisions\/2994"}],"up":[{"embeddable":true,"href":"https:\/\/izba.wroclawska.komornik.pl\/index.php?rest_route=\/wp\/v2\/pages\/124"}],"wp:attachment":[{"href":"https:\/\/izba.wroclawska.komornik.pl\/index.php?rest_route=%2Fwp%2Fv2%2Fmedia&parent=967"}],"curies":[{"name":"wp","href":"https:\/\/api.w.org\/{rel}","templated":true}]}}