
{"id":96,"date":"2015-03-06T19:15:44","date_gmt":"2015-03-06T18:15:44","guid":{"rendered":"http:\/\/izba.wroclawska.komornik.pl\/?page_id=96"},"modified":"2019-02-12T13:39:26","modified_gmt":"2019-02-12T12:39:26","slug":"status-prawny-izby","status":"publish","type":"page","link":"https:\/\/izba.wroclawska.komornik.pl\/?page_id=96","title":{"rendered":"Status prawny izby"},"content":{"rendered":"<div class=\"headline\">\n<h1 class=\"title\">Status prawny izby<\/h1>\n<\/div>\n<p>Status izb komorniczych okre\u015blaj\u0105 przepisy ustawy\u00a0z dnia 22 marca 2018 r. o komornikach s\u0105dowych [poni\u017cej wyci\u0105g z przepis\u00f3w]:<\/p>\n<p>&nbsp;<\/p>\n<h6><\/h6>\n<p><strong>Art.\u00a0 205.\u00a0 [Izba komornicza]<\/strong><\/p>\n<ol>\n<li>Izb\u0119 komornicz\u0105 tworz\u0105 komornicy prowadz\u0105cy kancelarie w obszarze apelacji i asesorzy zatrudnieni w tych kancelariach.<\/li>\n<li>Siedzib\u0105 izby komorniczej jest miejscowo\u015b\u0107, w kt\u00f3rej siedzib\u0119 ma s\u0105d apelacyjny.<\/li>\n<li>Cz\u0142onkostwo w izbie komorniczej powstaje z dniem z\u0142o\u017cenia przez komornika \u015blubowania i ustaje z dniem odwo\u0142ania komornika z zajmowanego stanowiska albo wyga\u015bni\u0119cia powo\u0142ania na stanowisko komornika z mocy prawa. Z dniem odwo\u0142ania komornika z zajmowanego stanowiska albo wyga\u015bni\u0119cia powo\u0142ania na stanowisko komornika z mocy prawa komornik przestaje pe\u0142ni\u0107 wszelkie funkcje w organach samorz\u0105du komorniczego.<\/li>\n<li>Przepis ust. 3 stosuje si\u0119 odpowiednio do asesor\u00f3w.<\/li>\n<\/ol>\n<p>&nbsp;<\/p>\n<p><strong>Art.\u00a0 206.\u00a0 [Organy izby komorniczej]<\/strong><\/p>\n<p>Organami izby komorniczej s\u0105:<\/p>\n<p>1) walne zgromadzenie izby komorniczej;<\/p>\n<p>2) rada izby komorniczej;<\/p>\n<p>3) komisja rewizyjna.<\/p>\n<p>&nbsp;<\/p>\n<p>&nbsp;<\/p>\n<p>&nbsp;<\/p>\n","protected":false},"excerpt":{"rendered":"<p>Status prawny izby Status izb komorniczych okre\u015blaj\u0105 przepisy ustawy\u00a0z dnia 22 marca 2018 r. o komornikach s\u0105dowych [poni\u017cej wyci\u0105g z [&hellip;]<\/p>\n","protected":false},"author":4,"featured_media":0,"parent":700,"menu_order":0,"comment_status":"open","ping_status":"closed","template":"","meta":{"footnotes":""},"class_list":["post-96","page","type-page","status-publish","hentry"],"_links":{"self":[{"href":"https:\/\/izba.wroclawska.komornik.pl\/index.php?rest_route=\/wp\/v2\/pages\/96","targetHints":{"allow":["GET"]}}],"collection":[{"href":"https:\/\/izba.wroclawska.komornik.pl\/index.php?rest_route=\/wp\/v2\/pages"}],"about":[{"href":"https:\/\/izba.wroclawska.komornik.pl\/index.php?rest_route=\/wp\/v2\/types\/page"}],"author":[{"embeddable":true,"href":"https:\/\/izba.wroclawska.komornik.pl\/index.php?rest_route=\/wp\/v2\/users\/4"}],"replies":[{"embeddable":true,"href":"https:\/\/izba.wroclawska.komornik.pl\/index.php?rest_route=%2Fwp%2Fv2%2Fcomments&post=96"}],"version-history":[{"count":3,"href":"https:\/\/izba.wroclawska.komornik.pl\/index.php?rest_route=\/wp\/v2\/pages\/96\/revisions"}],"predecessor-version":[{"id":800,"href":"https:\/\/izba.wroclawska.komornik.pl\/index.php?rest_route=\/wp\/v2\/pages\/96\/revisions\/800"}],"up":[{"embeddable":true,"href":"https:\/\/izba.wroclawska.komornik.pl\/index.php?rest_route=\/wp\/v2\/pages\/700"}],"wp:attachment":[{"href":"https:\/\/izba.wroclawska.komornik.pl\/index.php?rest_route=%2Fwp%2Fv2%2Fmedia&parent=96"}],"curies":[{"name":"wp","href":"https:\/\/api.w.org\/{rel}","templated":true}]}}