
{"id":91,"date":"2015-03-06T19:13:22","date_gmt":"2015-03-06T18:13:22","guid":{"rendered":"http:\/\/izba.wroclawska.komornik.pl\/?page_id=91"},"modified":"2019-02-03T14:06:03","modified_gmt":"2019-02-03T13:06:03","slug":"sady-apelacyjne","status":"publish","type":"page","link":"https:\/\/izba.wroclawska.komornik.pl\/?page_id=91","title":{"rendered":"S\u0105dy apelacyjne"},"content":{"rendered":"<form action=\"http:\/\/izba.wroclawska.komornik.pl\/index.php?option=com_weblinks&amp;view=category&amp;id=53:sdy-apelacyjne&amp;Itemid=257\" method=\"post\" name=\"adminForm\">\n<table class=\"joomlatable\" border=\"0\" width=\"100%\" cellspacing=\"0\" cellpadding=\"0\">\n<tbody>\n<tr>\n<th align=\"right\" width=\"10\"><\/th>\n<th align=\"left\" width=\"90%\"><\/th>\n<th align=\"right\" nowrap=\"nowrap\" width=\"30\"><\/th>\n<\/tr>\n<tr class=\"odd\">\n<td align=\"right\"><\/td>\n<td>\u00a0\u00a0<img decoding=\"async\" src=\"http:\/\/izba.wroclawska.komornik.pl\/images\/M_images\/weblink.png\" alt=\"Link\" \/>\u00a0\u00a0 <a class=\"category\" href=\"http:\/\/izba.wroclawska.komornik.pl\/index.php?view=weblink&amp;catid=53%3Asdy-apelacyjne&amp;id=24%3Asd-apelacyjny-w-biaymstoku&amp;option=com_weblinks&amp;Itemid=257\" target=\"_blank\">S\u0105d Apelacyjny w Bia\u0142ymstoku<\/a><br \/>\n<span class=\"description\">Serwis internetowy S\u0105du Apelacyjnego w Bia\u0142ymstoku.<\/span><\/td>\n<td align=\"center\"><\/td>\n<\/tr>\n<tr class=\"even\">\n<td align=\"right\"><\/td>\n<td>\u00a0\u00a0<img decoding=\"async\" src=\"http:\/\/izba.wroclawska.komornik.pl\/images\/M_images\/weblink.png\" alt=\"Link\" \/>\u00a0\u00a0 <a class=\"category\" href=\"http:\/\/izba.wroclawska.komornik.pl\/index.php?view=weblink&amp;catid=53%3Asdy-apelacyjne&amp;id=25%3Asd-apelacyjny-w-gdasku&amp;option=com_weblinks&amp;Itemid=257\" target=\"_blank\">S\u0105d Apelacyjny w Gda\u0144sku<\/a><br \/>\n<span class=\"description\">Serwis internetowy S\u0105du Apelacyjnego w Gda\u0144sku.<\/span><\/td>\n<td align=\"center\"><\/td>\n<\/tr>\n<tr class=\"odd\">\n<td align=\"right\"><\/td>\n<td>\u00a0\u00a0<img decoding=\"async\" src=\"http:\/\/izba.wroclawska.komornik.pl\/images\/M_images\/weblink.png\" alt=\"Link\" \/>\u00a0\u00a0 <a class=\"category\" href=\"http:\/\/izba.wroclawska.komornik.pl\/index.php?view=weblink&amp;catid=53%3Asdy-apelacyjne&amp;id=28%3Asd-apelacyjny-w-katowicach&amp;option=com_weblinks&amp;Itemid=257\" target=\"_blank\">S\u0105d Apelacyjny w Katowicach<\/a><br \/>\n<span class=\"description\">Serwis internetowy S\u0105du Apelacyjnego w Katowicach.<\/span><\/td>\n<td align=\"center\"><\/td>\n<\/tr>\n<tr class=\"even\">\n<td align=\"right\"><\/td>\n<td>\u00a0\u00a0<img decoding=\"async\" src=\"http:\/\/izba.wroclawska.komornik.pl\/images\/M_images\/weblink.png\" alt=\"Link\" \/>\u00a0\u00a0 <a class=\"category\" href=\"http:\/\/izba.wroclawska.komornik.pl\/index.php?view=weblink&amp;catid=53%3Asdy-apelacyjne&amp;id=29%3Asd-apelacyjny-w-krakowie&amp;option=com_weblinks&amp;Itemid=257\" target=\"_blank\">S\u0105d Apelacyjny w Krakowie<\/a><br \/>\n<span class=\"description\">Serwis internetowy S\u0105du Apelacyjnego w Krakowie.<\/span><\/td>\n<td align=\"center\"><\/td>\n<\/tr>\n<tr class=\"odd\">\n<td align=\"right\"><\/td>\n<td>\u00a0\u00a0<img decoding=\"async\" src=\"http:\/\/izba.wroclawska.komornik.pl\/images\/M_images\/weblink.png\" alt=\"Link\" \/>\u00a0\u00a0 <a class=\"category\" href=\"http:\/\/izba.wroclawska.komornik.pl\/index.php?view=weblink&amp;catid=53%3Asdy-apelacyjne&amp;id=30%3Asd-apelacyjny-w-lublinie&amp;option=com_weblinks&amp;Itemid=257\" target=\"_blank\">S\u0105d Apelacyjny w Lublinie<\/a><br \/>\n<span class=\"description\">Serwis internetowy S\u0105du Apelacyjnego w Lublinie.<\/span><\/td>\n<td align=\"center\"><\/td>\n<\/tr>\n<tr class=\"even\">\n<td align=\"right\"><\/td>\n<td>\u00a0\u00a0<img decoding=\"async\" src=\"http:\/\/izba.wroclawska.komornik.pl\/images\/M_images\/weblink.png\" alt=\"Link\" \/>\u00a0\u00a0 <a class=\"category\" href=\"http:\/\/izba.wroclawska.komornik.pl\/index.php?view=weblink&amp;catid=53%3Asdy-apelacyjne&amp;id=31%3Asd-apelacyjny-w-odzi&amp;option=com_weblinks&amp;Itemid=257\" target=\"_blank\">S\u0105d Apelacyjny w \u0141odzi<\/a><br \/>\n<span class=\"description\">Serwis internetowy S\u0105du Apelacyjnego w \u0141odzi.<\/span><\/td>\n<td align=\"center\"><\/td>\n<\/tr>\n<tr class=\"odd\">\n<td align=\"right\"><\/td>\n<td>\u00a0\u00a0<img decoding=\"async\" src=\"http:\/\/izba.wroclawska.komornik.pl\/images\/M_images\/weblink.png\" alt=\"Link\" \/>\u00a0\u00a0 <a class=\"category\" href=\"http:\/\/izba.wroclawska.komornik.pl\/index.php?view=weblink&amp;catid=53%3Asdy-apelacyjne&amp;id=32%3Asd-apelacyjny-w-poznaniu&amp;option=com_weblinks&amp;Itemid=257\" target=\"_blank\">S\u0105d Apelacyjny w Poznaniu<\/a><br \/>\n<span class=\"description\">Serwis internetowy S\u0105du Apelacyjnego w Poznaniu.<\/span><\/td>\n<td align=\"center\"><\/td>\n<\/tr>\n<tr class=\"even\">\n<td align=\"right\"><\/td>\n<td>\u00a0\u00a0<img decoding=\"async\" src=\"http:\/\/izba.wroclawska.komornik.pl\/images\/M_images\/weblink.png\" alt=\"Link\" \/>\u00a0\u00a0 <a class=\"category\" href=\"http:\/\/izba.wroclawska.komornik.pl\/index.php?view=weblink&amp;catid=53%3Asdy-apelacyjne&amp;id=33%3Asd-apelacyjny-w-rzeszowie&amp;option=com_weblinks&amp;Itemid=257\" target=\"_blank\">S\u0105d Apelacyjny w Rzeszowie<\/a><br \/>\n<span class=\"description\">Serwis internetowy S\u0105du Apelacyjnego w Rzeszowie.<\/span><\/td>\n<td align=\"center\"><\/td>\n<\/tr>\n<tr class=\"odd\">\n<td align=\"right\"><\/td>\n<td>\u00a0\u00a0<img decoding=\"async\" src=\"http:\/\/izba.wroclawska.komornik.pl\/images\/M_images\/weblink.png\" alt=\"Link\" \/>\u00a0\u00a0 <a class=\"category\" href=\"http:\/\/izba.wroclawska.komornik.pl\/index.php?view=weblink&amp;catid=53%3Asdy-apelacyjne&amp;id=34%3Asd-apelacyjny-w-szczecinie&amp;option=com_weblinks&amp;Itemid=257\" target=\"_blank\">S\u0105d Apelacyjny w Szczecinie<\/a><br \/>\n<span class=\"description\">Serwis internetowy S\u0105du Apelacyjnego w Szczecinie.<\/span><\/td>\n<td align=\"center\"><\/td>\n<\/tr>\n<tr class=\"even\">\n<td align=\"right\"><\/td>\n<td>\u00a0\u00a0<img decoding=\"async\" src=\"http:\/\/izba.wroclawska.komornik.pl\/images\/M_images\/weblink.png\" alt=\"Link\" \/>\u00a0\u00a0 <a class=\"category\" href=\"http:\/\/izba.wroclawska.komornik.pl\/index.php?view=weblink&amp;catid=53%3Asdy-apelacyjne&amp;id=35%3Asd-apelacyjny-w-warszawie&amp;option=com_weblinks&amp;Itemid=257\" target=\"_blank\">S\u0105d Apelacyjny w Warszawie<\/a><br \/>\n<span class=\"description\">Serwis internetowy S\u0105du Apelacyjnego w Warszawie.<\/span><\/td>\n<td align=\"center\"><\/td>\n<\/tr>\n<tr class=\"odd\">\n<td align=\"right\"><\/td>\n<td>\u00a0\u00a0<img decoding=\"async\" src=\"http:\/\/izba.wroclawska.komornik.pl\/images\/M_images\/weblink.png\" alt=\"Link\" \/>\u00a0\u00a0 <a class=\"category\" href=\"http:\/\/izba.wroclawska.komornik.pl\/index.php?view=weblink&amp;catid=53%3Asdy-apelacyjne&amp;id=36%3Asd-apelacyjny-we-wrocawiu&amp;option=com_weblinks&amp;Itemid=257\" target=\"_blank\">S\u0105d Apelacyjny we Wroc\u0142awiu<\/a><br \/>\n<span class=\"description\">Serwis internetowy S\u0105du Apelacyjnego we Wroc\u0142awiu.<\/span><\/td>\n<td align=\"center\"><\/td>\n<\/tr>\n<\/tbody>\n<\/table>\n<div class=\"pagination\"><\/div>\n<\/form>\n","protected":false},"excerpt":{"rendered":"<p>\u00a0\u00a0\u00a0\u00a0 S\u0105d Apelacyjny w Bia\u0142ymstoku Serwis internetowy S\u0105du Apelacyjnego w Bia\u0142ymstoku. \u00a0\u00a0\u00a0\u00a0 S\u0105d Apelacyjny w Gda\u0144sku Serwis internetowy S\u0105du Apelacyjnego [&hellip;]<\/p>\n","protected":false},"author":4,"featured_media":0,"parent":761,"menu_order":0,"comment_status":"open","ping_status":"closed","template":"","meta":{"footnotes":""},"class_list":["post-91","page","type-page","status-publish","hentry"],"_links":{"self":[{"href":"https:\/\/izba.wroclawska.komornik.pl\/index.php?rest_route=\/wp\/v2\/pages\/91","targetHints":{"allow":["GET"]}}],"collection":[{"href":"https:\/\/izba.wroclawska.komornik.pl\/index.php?rest_route=\/wp\/v2\/pages"}],"about":[{"href":"https:\/\/izba.wroclawska.komornik.pl\/index.php?rest_route=\/wp\/v2\/types\/page"}],"author":[{"embeddable":true,"href":"https:\/\/izba.wroclawska.komornik.pl\/index.php?rest_route=\/wp\/v2\/users\/4"}],"replies":[{"embeddable":true,"href":"https:\/\/izba.wroclawska.komornik.pl\/index.php?rest_route=%2Fwp%2Fv2%2Fcomments&post=91"}],"version-history":[{"count":1,"href":"https:\/\/izba.wroclawska.komornik.pl\/index.php?rest_route=\/wp\/v2\/pages\/91\/revisions"}],"predecessor-version":[{"id":767,"href":"https:\/\/izba.wroclawska.komornik.pl\/index.php?rest_route=\/wp\/v2\/pages\/91\/revisions\/767"}],"up":[{"embeddable":true,"href":"https:\/\/izba.wroclawska.komornik.pl\/index.php?rest_route=\/wp\/v2\/pages\/761"}],"wp:attachment":[{"href":"https:\/\/izba.wroclawska.komornik.pl\/index.php?rest_route=%2Fwp%2Fv2%2Fmedia&parent=91"}],"curies":[{"name":"wp","href":"https:\/\/api.w.org\/{rel}","templated":true}]}}