
{"id":88,"date":"2015-03-06T19:11:25","date_gmt":"2015-03-06T18:11:25","guid":{"rendered":"http:\/\/izba.wroclawska.komornik.pl\/?page_id=88"},"modified":"2019-02-03T14:06:22","modified_gmt":"2019-02-03T13:06:22","slug":"bazy-i-rejestry","status":"publish","type":"page","link":"https:\/\/izba.wroclawska.komornik.pl\/?page_id=88","title":{"rendered":"Bazy i rejestry"},"content":{"rendered":"<form action=\"http:\/\/izba.wroclawska.komornik.pl\/index.php?option=com_weblinks&amp;view=category&amp;id=51:bazy-i-rejestry&amp;Itemid=257\" method=\"post\" name=\"adminForm\">\n<table class=\"joomlatable\" border=\"0\" width=\"100%\" cellspacing=\"0\" cellpadding=\"0\">\n<tbody>\n<tr>\n<th align=\"right\" width=\"10\"><\/th>\n<th align=\"left\" width=\"90%\"><\/th>\n<th align=\"right\" nowrap=\"nowrap\" width=\"30\"><\/th>\n<\/tr>\n<tr class=\"odd\">\n<td align=\"right\"><\/td>\n<td>\u00a0\u00a0<img decoding=\"async\" src=\"http:\/\/izba.wroclawska.komornik.pl\/images\/M_images\/weblink.png\" alt=\"Link\" \/>\u00a0\u00a0 <a class=\"category\" href=\"http:\/\/izba.wroclawska.komornik.pl\/index.php?view=weblink&amp;catid=51%3Abazy-i-rejestry&amp;id=26%3Akrajowy-rejestr-sdowy&amp;option=com_weblinks&amp;Itemid=257\" target=\"_blank\">Krajowy Rejestr S\u0105dowy<\/a><br \/>\n<span class=\"description\">Wyszukiwarka Krajowego Rejestru S\u0105dowego.<\/span><\/td>\n<td align=\"center\"><\/td>\n<\/tr>\n<tr class=\"even\">\n<td align=\"right\"><\/td>\n<td>\u00a0\u00a0<img decoding=\"async\" src=\"http:\/\/izba.wroclawska.komornik.pl\/images\/M_images\/weblink.png\" alt=\"Link\" \/>\u00a0\u00a0 <a class=\"category\" href=\"http:\/\/izba.wroclawska.komornik.pl\/index.php?view=weblink&amp;catid=51%3Abazy-i-rejestry&amp;id=45%3Aelektroniczne-postpowanie-upominawcze&amp;option=com_weblinks&amp;Itemid=257\" target=\"_blank\">Elektroniczne Post\u0119powanie Upominawcze<\/a><br \/>\n<span class=\"description\">S\u0105d Rejonowy Lublin-Zach\u00f3d w Lublinie &#8211;<br \/>\nXVI Wydzia\u0142 Cywilny.<\/span><\/td>\n<td align=\"center\"><\/td>\n<\/tr>\n<tr class=\"odd\">\n<td align=\"right\"><\/td>\n<td>\u00a0\u00a0<img decoding=\"async\" src=\"http:\/\/izba.wroclawska.komornik.pl\/images\/M_images\/weblink.png\" alt=\"Link\" \/>\u00a0\u00a0 <a class=\"category\" href=\"http:\/\/izba.wroclawska.komornik.pl\/index.php?view=weblink&amp;catid=51%3Abazy-i-rejestry&amp;id=27%3Aelektroniczny-rejestr-ksig-wieczystych&amp;option=com_weblinks&amp;Itemid=257\" target=\"_blank\">Elektroniczny Rejestr Ksi\u0105g Wieczystych<\/a><br \/>\n<span class=\"description\">Elektroniczny Rejestr Ksi\u0105g Wieczystych<\/span><\/td>\n<td align=\"center\"><\/td>\n<\/tr>\n<tr class=\"even\">\n<td align=\"right\"><\/td>\n<td>\u00a0\u00a0<img decoding=\"async\" src=\"http:\/\/izba.wroclawska.komornik.pl\/images\/M_images\/weblink.png\" alt=\"Link\" \/>\u00a0\u00a0 <a class=\"category\" href=\"http:\/\/izba.wroclawska.komornik.pl\/index.php?view=weblink&amp;catid=51%3Abazy-i-rejestry&amp;id=42%3Asejmowa-baza-aktow-prawnych&amp;option=com_weblinks&amp;Itemid=257\" target=\"_blank\">Sejmowa Baza Akt\u00f3w Prawnych<\/a><br \/>\n<span class=\"description\">Sejmowa Baza Akt\u00f3w Prawnych.<\/span><\/td>\n<td align=\"center\"><\/td>\n<\/tr>\n<tr class=\"odd\">\n<td align=\"right\"><\/td>\n<td>\u00a0\u00a0<img decoding=\"async\" src=\"http:\/\/izba.wroclawska.komornik.pl\/images\/M_images\/weblink.png\" alt=\"Link\" \/>\u00a0\u00a0 <a class=\"category\" href=\"http:\/\/izba.wroclawska.komornik.pl\/index.php?view=weblink&amp;catid=51%3Abazy-i-rejestry&amp;id=44%3Acentralna-ewidencja-pojazdow-i-kierowcow&amp;option=com_weblinks&amp;Itemid=257\" target=\"_blank\">Centralna Ewidencja Pojazd\u00f3w i Kierowc\u00f3w<\/a><br \/>\n<span class=\"description\">Centralna Ewidencja Pojazd\u00f3w i Kierowc\u00f3w.<\/span><\/td>\n<td align=\"center\"><\/td>\n<\/tr>\n<tr class=\"even\">\n<td align=\"right\"><\/td>\n<td>\u00a0\u00a0<img decoding=\"async\" src=\"http:\/\/izba.wroclawska.komornik.pl\/images\/M_images\/weblink.png\" alt=\"Link\" \/>\u00a0\u00a0 <a class=\"category\" href=\"http:\/\/izba.wroclawska.komornik.pl\/index.php?view=weblink&amp;catid=51%3Abazy-i-rejestry&amp;id=43%3Akto-kogo-reprezentuje-w-krs&amp;option=com_weblinks&amp;Itemid=257\" target=\"_blank\">Kto kogo reprezentuje w KRS<\/a><br \/>\n<span class=\"description\">Kto kogo reprezentuje w KRS.<\/span><\/td>\n<td align=\"center\"><\/td>\n<\/tr>\n<\/tbody>\n<\/table>\n<div class=\"pagination\"><\/div>\n<\/form>\n","protected":false},"excerpt":{"rendered":"<p>\u00a0\u00a0\u00a0\u00a0 Krajowy Rejestr S\u0105dowy Wyszukiwarka Krajowego Rejestru S\u0105dowego. \u00a0\u00a0\u00a0\u00a0 Elektroniczne Post\u0119powanie Upominawcze S\u0105d Rejonowy Lublin-Zach\u00f3d w Lublinie &#8211; XVI Wydzia\u0142 [&hellip;]<\/p>\n","protected":false},"author":4,"featured_media":0,"parent":761,"menu_order":0,"comment_status":"open","ping_status":"closed","template":"","meta":{"footnotes":""},"class_list":["post-88","page","type-page","status-publish","hentry"],"_links":{"self":[{"href":"https:\/\/izba.wroclawska.komornik.pl\/index.php?rest_route=\/wp\/v2\/pages\/88","targetHints":{"allow":["GET"]}}],"collection":[{"href":"https:\/\/izba.wroclawska.komornik.pl\/index.php?rest_route=\/wp\/v2\/pages"}],"about":[{"href":"https:\/\/izba.wroclawska.komornik.pl\/index.php?rest_route=\/wp\/v2\/types\/page"}],"author":[{"embeddable":true,"href":"https:\/\/izba.wroclawska.komornik.pl\/index.php?rest_route=\/wp\/v2\/users\/4"}],"replies":[{"embeddable":true,"href":"https:\/\/izba.wroclawska.komornik.pl\/index.php?rest_route=%2Fwp%2Fv2%2Fcomments&post=88"}],"version-history":[{"count":1,"href":"https:\/\/izba.wroclawska.komornik.pl\/index.php?rest_route=\/wp\/v2\/pages\/88\/revisions"}],"predecessor-version":[{"id":768,"href":"https:\/\/izba.wroclawska.komornik.pl\/index.php?rest_route=\/wp\/v2\/pages\/88\/revisions\/768"}],"up":[{"embeddable":true,"href":"https:\/\/izba.wroclawska.komornik.pl\/index.php?rest_route=\/wp\/v2\/pages\/761"}],"wp:attachment":[{"href":"https:\/\/izba.wroclawska.komornik.pl\/index.php?rest_route=%2Fwp%2Fv2%2Fmedia&parent=88"}],"curies":[{"name":"wp","href":"https:\/\/api.w.org\/{rel}","templated":true}]}}