
{"id":82,"date":"2015-03-06T19:07:03","date_gmt":"2015-03-06T18:07:03","guid":{"rendered":"http:\/\/izba.wroclawska.komornik.pl\/?page_id=82"},"modified":"2019-02-03T14:05:16","modified_gmt":"2019-02-03T13:05:16","slug":"wymiar-sprawiedliwosci","status":"publish","type":"page","link":"https:\/\/izba.wroclawska.komornik.pl\/?page_id=82","title":{"rendered":"Wymiar sprawiedliwo\u015b\u0107i"},"content":{"rendered":"<table class=\"joomlatable\" border=\"0\" width=\"100%\" cellspacing=\"0\" cellpadding=\"0\">\n<tbody>\n<tr class=\"odd\">\n<td>\u00a0\u00a0<img decoding=\"async\" src=\"http:\/\/izba.wroclawska.komornik.pl\/images\/M_images\/weblink.png\" alt=\"Link\" \/>\u00a0\u00a0 <a class=\"category\" href=\"http:\/\/ms.gov.pl\/\" target=\"_blank\">Ministerstwo Sprawiedliwo\u015bci<\/a><br \/>\n<span class=\"description\">Portal Ministerstwa Sprawiedliwo\u015bci<\/span><\/td>\n<td align=\"center\"><\/td>\n<\/tr>\n<tr class=\"even\">\n<td style=\"text-align: left;\" align=\"right\">\u00a0<img decoding=\"async\" src=\"http:\/\/izba.wroclawska.komornik.pl\/images\/M_images\/weblink.png\" alt=\"Link\" \/>\u00a0\u00a0 <a class=\"category\" href=\"http:\/\/trybunal.gov.pl\/\" target=\"_blank\">Trybuna\u0142 Konstytucyjny<\/a><br \/>\n<span class=\"description\">Serwis Trybuna\u0142u Sprawiedliwo\u015bci<\/span><\/td>\n<td><\/td>\n<td align=\"center\"><\/td>\n<\/tr>\n<tr class=\"odd\">\n<td style=\"text-align: left;\" align=\"right\">\u00a0\u00a0<img decoding=\"async\" src=\"http:\/\/izba.wroclawska.komornik.pl\/images\/M_images\/weblink.png\" alt=\"Link\" \/>\u00a0\u00a0 <a class=\"category\" href=\"http:\/\/www.sn.pl\/SitePages\/Strona%20startowa.aspx\" target=\"_blank\">S\u0105d Najwy\u017cszy<\/a><br \/>\n<span class=\"description\">Serwis internetowy S\u0105du Najwy\u017cszego.<\/span><\/td>\n<td><\/td>\n<td align=\"center\"><\/td>\n<\/tr>\n<tr class=\"even\">\n<td style=\"text-align: left;\" align=\"right\">\u00a0<img decoding=\"async\" class=\"alignleft\" src=\"http:\/\/izba.wroclawska.komornik.pl\/images\/M_images\/weblink.png\" alt=\"Link\" \/>\u00a0\u00a0 <a class=\"category\" href=\"http:\/\/www.brpo.gov.pl\/\" target=\"_blank\">Rzecznik Praw Obywatelskich<\/a><br \/>\n<span class=\"description\">Portal internetowy Rzecznika Praw Obywatelskich.<\/span><\/td>\n<td><\/td>\n<td align=\"center\"><\/td>\n<\/tr>\n<tr class=\"odd\">\n<td style=\"text-align: left;\" align=\"right\"><img decoding=\"async\" src=\"http:\/\/izba.wroclawska.komornik.pl\/images\/M_images\/weblink.png\" alt=\"Link\" \/>\u00a0\u00a0 <a class=\"category\" href=\"http:\/\/curia.europa.eu\/jcms\/jcms\/j_6\/\" target=\"_blank\">Trybuna\u0142 Sprawiedliwo\u015bci Unii Europejskiej<\/a><br \/>\n<span class=\"description\">Oficjalny serwis internetowy Trybuna\u0142u Sprawiedliwo\u015bci Unii Europejskiej.<\/span><\/td>\n<td><\/td>\n<\/tr>\n<\/tbody>\n<\/table>\n","protected":false},"excerpt":{"rendered":"<p>\u00a0\u00a0\u00a0\u00a0 Ministerstwo Sprawiedliwo\u015bci Portal Ministerstwa Sprawiedliwo\u015bci \u00a0\u00a0\u00a0 Trybuna\u0142 Konstytucyjny Serwis Trybuna\u0142u Sprawiedliwo\u015bci \u00a0\u00a0\u00a0\u00a0 S\u0105d Najwy\u017cszy Serwis internetowy S\u0105du Najwy\u017cszego. \u00a0\u00a0\u00a0 [&hellip;]<\/p>\n","protected":false},"author":4,"featured_media":0,"parent":761,"menu_order":0,"comment_status":"open","ping_status":"closed","template":"","meta":{"footnotes":""},"class_list":["post-82","page","type-page","status-publish","hentry"],"_links":{"self":[{"href":"https:\/\/izba.wroclawska.komornik.pl\/index.php?rest_route=\/wp\/v2\/pages\/82","targetHints":{"allow":["GET"]}}],"collection":[{"href":"https:\/\/izba.wroclawska.komornik.pl\/index.php?rest_route=\/wp\/v2\/pages"}],"about":[{"href":"https:\/\/izba.wroclawska.komornik.pl\/index.php?rest_route=\/wp\/v2\/types\/page"}],"author":[{"embeddable":true,"href":"https:\/\/izba.wroclawska.komornik.pl\/index.php?rest_route=\/wp\/v2\/users\/4"}],"replies":[{"embeddable":true,"href":"https:\/\/izba.wroclawska.komornik.pl\/index.php?rest_route=%2Fwp%2Fv2%2Fcomments&post=82"}],"version-history":[{"count":1,"href":"https:\/\/izba.wroclawska.komornik.pl\/index.php?rest_route=\/wp\/v2\/pages\/82\/revisions"}],"predecessor-version":[{"id":765,"href":"https:\/\/izba.wroclawska.komornik.pl\/index.php?rest_route=\/wp\/v2\/pages\/82\/revisions\/765"}],"up":[{"embeddable":true,"href":"https:\/\/izba.wroclawska.komornik.pl\/index.php?rest_route=\/wp\/v2\/pages\/761"}],"wp:attachment":[{"href":"https:\/\/izba.wroclawska.komornik.pl\/index.php?rest_route=%2Fwp%2Fv2%2Fmedia&parent=82"}],"curies":[{"name":"wp","href":"https:\/\/api.w.org\/{rel}","templated":true}]}}