
{"id":730,"date":"2019-02-03T13:25:55","date_gmt":"2019-02-03T12:25:55","guid":{"rendered":"http:\/\/izba.wroclawska.komornik.pl\/?page_id=730"},"modified":"2019-07-11T12:36:25","modified_gmt":"2019-07-11T10:36:25","slug":"materialy-ze-szkolen","status":"publish","type":"page","link":"https:\/\/izba.wroclawska.komornik.pl\/?page_id=730","title":{"rendered":"Materia\u0142y ze szkole\u0144"},"content":{"rendered":"<h2>Materia\u0142y ze szkole\u0144 rok 2019:<\/h2>\n<ul>\n<li>Szkolenie w dniu 14 czerwca 2019r. &#8222;Eksmisja po nowelizacji Ustaw\u0105 z dnia 22 marca 2018 r. o zmianie ustawy o finansowym wsparciu tworzenia lokali socjalnych, mieszka\u0144 chronionych, noclegowni i dom\u00f3w dla bezdomnych, ustawy o ochronie praw lokator\u00f3w, mieszkaniowym zasobie gminy i o zmianie Kodeksu cywilnego oraz niekt\u00f3rych innych ustaw. Opr\u00f3\u017cnienie lokalu lub pomieszczenia, a wprowadzenie w posiadanie. Prowadz\u0105cy: SSO w Toruniu Marek Lewandowski\u00a0 &#8211; <a href=\"http:\/\/izba.wroclawska.komornik.pl\/wp-content\/uploads\/2019\/07\/materia\u0142y-eksmisja.pptx\">prezentacja kliknij tutaj<\/a><\/li>\n<\/ul>\n<p>&nbsp;<\/p>\n<hr \/>\n","protected":false},"excerpt":{"rendered":"<p>Materia\u0142y ze szkole\u0144 rok 2019: Szkolenie w dniu 14 czerwca 2019r. &#8222;Eksmisja po nowelizacji Ustaw\u0105 z dnia 22 marca 2018 [&hellip;]<\/p>\n","protected":false},"author":4,"featured_media":0,"parent":723,"menu_order":0,"comment_status":"closed","ping_status":"closed","template":"page-stronakomornikow.php","meta":{"footnotes":""},"class_list":["post-730","page","type-page","status-publish","hentry"],"_links":{"self":[{"href":"https:\/\/izba.wroclawska.komornik.pl\/index.php?rest_route=\/wp\/v2\/pages\/730","targetHints":{"allow":["GET"]}}],"collection":[{"href":"https:\/\/izba.wroclawska.komornik.pl\/index.php?rest_route=\/wp\/v2\/pages"}],"about":[{"href":"https:\/\/izba.wroclawska.komornik.pl\/index.php?rest_route=\/wp\/v2\/types\/page"}],"author":[{"embeddable":true,"href":"https:\/\/izba.wroclawska.komornik.pl\/index.php?rest_route=\/wp\/v2\/users\/4"}],"replies":[{"embeddable":true,"href":"https:\/\/izba.wroclawska.komornik.pl\/index.php?rest_route=%2Fwp%2Fv2%2Fcomments&post=730"}],"version-history":[{"count":4,"href":"https:\/\/izba.wroclawska.komornik.pl\/index.php?rest_route=\/wp\/v2\/pages\/730\/revisions"}],"predecessor-version":[{"id":1010,"href":"https:\/\/izba.wroclawska.komornik.pl\/index.php?rest_route=\/wp\/v2\/pages\/730\/revisions\/1010"}],"up":[{"embeddable":true,"href":"https:\/\/izba.wroclawska.komornik.pl\/index.php?rest_route=\/wp\/v2\/pages\/723"}],"wp:attachment":[{"href":"https:\/\/izba.wroclawska.komornik.pl\/index.php?rest_route=%2Fwp%2Fv2%2Fmedia&parent=730"}],"curies":[{"name":"wp","href":"https:\/\/api.w.org\/{rel}","templated":true}]}}