
{"id":728,"date":"2019-02-03T13:25:26","date_gmt":"2019-02-03T12:25:26","guid":{"rendered":"http:\/\/izba.wroclawska.komornik.pl\/?page_id=728"},"modified":"2020-05-12T09:11:27","modified_gmt":"2020-05-12T07:11:27","slug":"orzeczenia","status":"publish","type":"page","link":"https:\/\/izba.wroclawska.komornik.pl\/?page_id=728","title":{"rendered":"Orzeczenia"},"content":{"rendered":"<p>Pobierz aktualne orzecznie:<\/p>\n<ul>\n<li><a href=\"http:\/\/izba.wroclawska.komornik.pl\/wp-content\/uploads\/2020\/05\/GRUPAROBOCZAII.7z\" target=\"_blank\" rel=\"noopener noreferrer\">Orzeczenia S\u0105d\u00f3w dotycz\u0105ce problematyki egzekucyjnej<\/a><\/li>\n<\/ul>\n","protected":false},"excerpt":{"rendered":"<p>Pobierz aktualne orzecznie: Orzeczenia S\u0105d\u00f3w dotycz\u0105ce problematyki egzekucyjnej<\/p>\n","protected":false},"author":4,"featured_media":0,"parent":723,"menu_order":0,"comment_status":"closed","ping_status":"closed","template":"page-stronakomornikow.php","meta":{"footnotes":""},"class_list":["post-728","page","type-page","status-publish","hentry"],"_links":{"self":[{"href":"https:\/\/izba.wroclawska.komornik.pl\/index.php?rest_route=\/wp\/v2\/pages\/728","targetHints":{"allow":["GET"]}}],"collection":[{"href":"https:\/\/izba.wroclawska.komornik.pl\/index.php?rest_route=\/wp\/v2\/pages"}],"about":[{"href":"https:\/\/izba.wroclawska.komornik.pl\/index.php?rest_route=\/wp\/v2\/types\/page"}],"author":[{"embeddable":true,"href":"https:\/\/izba.wroclawska.komornik.pl\/index.php?rest_route=\/wp\/v2\/users\/4"}],"replies":[{"embeddable":true,"href":"https:\/\/izba.wroclawska.komornik.pl\/index.php?rest_route=%2Fwp%2Fv2%2Fcomments&post=728"}],"version-history":[{"count":4,"href":"https:\/\/izba.wroclawska.komornik.pl\/index.php?rest_route=\/wp\/v2\/pages\/728\/revisions"}],"predecessor-version":[{"id":1471,"href":"https:\/\/izba.wroclawska.komornik.pl\/index.php?rest_route=\/wp\/v2\/pages\/728\/revisions\/1471"}],"up":[{"embeddable":true,"href":"https:\/\/izba.wroclawska.komornik.pl\/index.php?rest_route=\/wp\/v2\/pages\/723"}],"wp:attachment":[{"href":"https:\/\/izba.wroclawska.komornik.pl\/index.php?rest_route=%2Fwp%2Fv2%2Fmedia&parent=728"}],"curies":[{"name":"wp","href":"https:\/\/api.w.org\/{rel}","templated":true}]}}