
{"id":665,"date":"2018-12-19T12:40:52","date_gmt":"2018-12-19T11:40:52","guid":{"rendered":"http:\/\/izba.wroclawska.komornik.pl\/?page_id=665"},"modified":"2019-02-02T20:57:21","modified_gmt":"2019-02-02T19:57:21","slug":"uchwaly-rady-izby","status":"publish","type":"page","link":"https:\/\/izba.wroclawska.komornik.pl\/?page_id=665","title":{"rendered":"Uchwa\u0142y Rady Izby"},"content":{"rendered":"<p>Tre\u015b\u0107 tworzona automatycznie. Przejd\u017a do zak\u0142adki &#8222;Uchwa\u0142y&#8221;<\/p>\n","protected":false},"excerpt":{"rendered":"<p>Tre\u015b\u0107 tworzona automatycznie. Przejd\u017a do zak\u0142adki &#8222;Uchwa\u0142y&#8221;<\/p>\n","protected":false},"author":4,"featured_media":0,"parent":649,"menu_order":0,"comment_status":"closed","ping_status":"closed","template":"page-listauchwal.php","meta":{"footnotes":""},"class_list":["post-665","page","type-page","status-publish","hentry"],"_links":{"self":[{"href":"https:\/\/izba.wroclawska.komornik.pl\/index.php?rest_route=\/wp\/v2\/pages\/665","targetHints":{"allow":["GET"]}}],"collection":[{"href":"https:\/\/izba.wroclawska.komornik.pl\/index.php?rest_route=\/wp\/v2\/pages"}],"about":[{"href":"https:\/\/izba.wroclawska.komornik.pl\/index.php?rest_route=\/wp\/v2\/types\/page"}],"author":[{"embeddable":true,"href":"https:\/\/izba.wroclawska.komornik.pl\/index.php?rest_route=\/wp\/v2\/users\/4"}],"replies":[{"embeddable":true,"href":"https:\/\/izba.wroclawska.komornik.pl\/index.php?rest_route=%2Fwp%2Fv2%2Fcomments&post=665"}],"version-history":[{"count":4,"href":"https:\/\/izba.wroclawska.komornik.pl\/index.php?rest_route=\/wp\/v2\/pages\/665\/revisions"}],"predecessor-version":[{"id":693,"href":"https:\/\/izba.wroclawska.komornik.pl\/index.php?rest_route=\/wp\/v2\/pages\/665\/revisions\/693"}],"up":[{"embeddable":true,"href":"https:\/\/izba.wroclawska.komornik.pl\/index.php?rest_route=\/wp\/v2\/pages\/649"}],"wp:attachment":[{"href":"https:\/\/izba.wroclawska.komornik.pl\/index.php?rest_route=%2Fwp%2Fv2%2Fmedia&parent=665"}],"curies":[{"name":"wp","href":"https:\/\/api.w.org\/{rel}","templated":true}]}}