
{"id":2506,"date":"2023-12-20T12:18:02","date_gmt":"2023-12-20T11:18:02","guid":{"rendered":"https:\/\/izba.wroclawska.komornik.pl\/?page_id=2506"},"modified":"2023-12-20T12:23:33","modified_gmt":"2023-12-20T11:23:33","slug":"rodo","status":"publish","type":"page","link":"https:\/\/izba.wroclawska.komornik.pl\/?page_id=2506","title":{"rendered":"Rodo"},"content":{"rendered":"<h2 style=\"text-align: center;\"><strong>Informacja RODO<\/strong><\/h2>\n<p style=\"text-align: center;\">Zgodnie z art. 12 ust. 1 i ust. 2 og\u00f3lnego rozporz\u0105dzenia o ochronie danych osobowych z dnia 27 kwietnia 2016 r. (Dz. Urz. UE L 119 z 04.05.2016) informujemy, \u017ce:<\/p>\n<p>&#8211; Administratorem Pa\u0144stwa danych osobowych jest: Izba Komornicza we Wroc\u0142awiu<\/p>\n<p>&#8211; Przetwarzanie Pa\u0144stwa danych osobowych odbywa si\u0119 na podstawie art. 6 RODO i w celach marketingowych. Administrator Danych Osobowych powo\u0142uje si\u0119 na prawnie uzasadniony interes, kt\u00f3rym jest zbieranie danych statystycznych i analizowanie ruchu na stronie internetowej.<\/p>\n<p>&#8211; Pa\u0144stwa dane osobowe b\u0119d\u0105 przechowywane przez okres 5 lat do czasu wykorzystania mo\u017cliwo\u015bci marketingowych i analizy danych potrzebnych do prowadzenia dzia\u0142alno\u015bci gospodarczej lub do odwo\u0142ania zgody na przetwarzanie danych osobowych.<\/p>\n<p>&#8211; Posiada Pani\/Pan prawo dost\u0119pu do tre\u015bci swoich danych osobowych, prawo do ich sprostowania, usuni\u0119cia, jak i r\u00f3wnie\u017c prawo do ograniczenia ich przetwarzania\/ prawo do cofni\u0119cia zgody, prawo do przenoszenia danych, prawo do wniesienia sprzeciwu wobec przetwarzania Pani\/Pana danych osobowych. &#8211; Przys\u0142uguje Pani\/Panu prawo wniesienia skargi do organu nadzorczego, je\u015bli Pani\/Pana zdaniem, przetwarzanie danych osobowych Pani\/Pana \u2013 narusza przepisy unijnego rozporz\u0105dzenia RODO<\/p>\n<p>&#8211; W przypadku pyta\u0144 dotycz\u0105cych przetwarzania danych osobowych prosimy o kontakt z Izb\u0105 Komornicz\u0105 we Wroc\u0142awiu. Sposoby kontaktu to: adres korespondencyjny Wroc\u0142aw 53-333 ul. Powsta\u0144c\u00f3w \u015al\u0105skich 56e\/u1 adres e-mail: izba.wroclawska @komornik.pl<\/p>\n","protected":false},"excerpt":{"rendered":"<p>Informacja RODO Zgodnie z art. 12 ust. 1 i ust. 2 og\u00f3lnego rozporz\u0105dzenia o ochronie danych osobowych z dnia 27 [&hellip;]<\/p>\n","protected":false},"author":81,"featured_media":0,"parent":0,"menu_order":0,"comment_status":"closed","ping_status":"closed","template":"","meta":{"footnotes":""},"class_list":["post-2506","page","type-page","status-publish","hentry"],"_links":{"self":[{"href":"https:\/\/izba.wroclawska.komornik.pl\/index.php?rest_route=\/wp\/v2\/pages\/2506","targetHints":{"allow":["GET"]}}],"collection":[{"href":"https:\/\/izba.wroclawska.komornik.pl\/index.php?rest_route=\/wp\/v2\/pages"}],"about":[{"href":"https:\/\/izba.wroclawska.komornik.pl\/index.php?rest_route=\/wp\/v2\/types\/page"}],"author":[{"embeddable":true,"href":"https:\/\/izba.wroclawska.komornik.pl\/index.php?rest_route=\/wp\/v2\/users\/81"}],"replies":[{"embeddable":true,"href":"https:\/\/izba.wroclawska.komornik.pl\/index.php?rest_route=%2Fwp%2Fv2%2Fcomments&post=2506"}],"version-history":[{"count":3,"href":"https:\/\/izba.wroclawska.komornik.pl\/index.php?rest_route=\/wp\/v2\/pages\/2506\/revisions"}],"predecessor-version":[{"id":2511,"href":"https:\/\/izba.wroclawska.komornik.pl\/index.php?rest_route=\/wp\/v2\/pages\/2506\/revisions\/2511"}],"wp:attachment":[{"href":"https:\/\/izba.wroclawska.komornik.pl\/index.php?rest_route=%2Fwp%2Fv2%2Fmedia&parent=2506"}],"curies":[{"name":"wp","href":"https:\/\/api.w.org\/{rel}","templated":true}]}}