
{"id":128,"date":"2015-03-06T19:31:07","date_gmt":"2015-03-06T18:31:07","guid":{"rendered":"http:\/\/izba.wroclawska.komornik.pl\/?page_id=128"},"modified":"2026-02-02T13:17:25","modified_gmt":"2026-02-02T12:17:25","slug":"rejestr-aplikantow-komorniczych","status":"publish","type":"page","link":"https:\/\/izba.wroclawska.komornik.pl\/?page_id=128","title":{"rendered":"Rejestr aplikant\u00f3w komorniczych"},"content":{"rendered":"<p>Cz\u0142onka Marcin Izba Komornicza we Wroc\u0142awiu<br \/>\nFalender Monika Izba Komornicza we Wroc\u0142awiu<br \/>\nGazi\u0144ska Lucyna Izba Komornicza we Wroc\u0142awiu<br \/>\nHambicki Pawe\u0142 Izba Komornicza we Wroc\u0142awiu<br \/>\nBalkao Bart\u0142omiej Izba Komornicza we Wroc\u0142awiu<br \/>\nChrz\u0105stowski Kornel Izba Komornicza we Wroc\u0142awiu<br \/>\nCzaplicka-Zro\u015blak Paulina Izba Komornicza we Wroc\u0142awiu<br \/>\nGrabicki \u0141ukasz Izba Komornicza we Wroc\u0142awiu<br \/>\nKapitan Zbigniew Izba Komornicza we Wroc\u0142awiu<br \/>\nKowalik Klaudia Izba Komornicza we Wroc\u0142awiu<br \/>\nKowalski Tomasz Izba Komornicza we Wroc\u0142awiu<br \/>\nMakulec Bartosz Izba Komornicza we Wroc\u0142awiu<br \/>\nWojciechowicz \u0141ukasz Izba Komornicza we Wroc\u0142awiu<br \/>\nZataj Mirela Izba Komornicza we Wroc\u0142awiu<\/p>\n","protected":false},"excerpt":{"rendered":"<p>Cz\u0142onka Marcin Izba Komornicza we Wroc\u0142awiu Falender Monika Izba Komornicza we Wroc\u0142awiu Gazi\u0144ska Lucyna Izba Komornicza we Wroc\u0142awiu Hambicki Pawe\u0142 [&hellip;]<\/p>\n","protected":false},"author":4,"featured_media":0,"parent":124,"menu_order":0,"comment_status":"open","ping_status":"closed","template":"","meta":{"footnotes":""},"class_list":["post-128","page","type-page","status-publish","hentry"],"_links":{"self":[{"href":"https:\/\/izba.wroclawska.komornik.pl\/index.php?rest_route=\/wp\/v2\/pages\/128","targetHints":{"allow":["GET"]}}],"collection":[{"href":"https:\/\/izba.wroclawska.komornik.pl\/index.php?rest_route=\/wp\/v2\/pages"}],"about":[{"href":"https:\/\/izba.wroclawska.komornik.pl\/index.php?rest_route=\/wp\/v2\/types\/page"}],"author":[{"embeddable":true,"href":"https:\/\/izba.wroclawska.komornik.pl\/index.php?rest_route=\/wp\/v2\/users\/4"}],"replies":[{"embeddable":true,"href":"https:\/\/izba.wroclawska.komornik.pl\/index.php?rest_route=%2Fwp%2Fv2%2Fcomments&post=128"}],"version-history":[{"count":40,"href":"https:\/\/izba.wroclawska.komornik.pl\/index.php?rest_route=\/wp\/v2\/pages\/128\/revisions"}],"predecessor-version":[{"id":2996,"href":"https:\/\/izba.wroclawska.komornik.pl\/index.php?rest_route=\/wp\/v2\/pages\/128\/revisions\/2996"}],"up":[{"embeddable":true,"href":"https:\/\/izba.wroclawska.komornik.pl\/index.php?rest_route=\/wp\/v2\/pages\/124"}],"wp:attachment":[{"href":"https:\/\/izba.wroclawska.komornik.pl\/index.php?rest_route=%2Fwp%2Fv2%2Fmedia&parent=128"}],"curies":[{"name":"wp","href":"https:\/\/api.w.org\/{rel}","templated":true}]}}