
{"id":126,"date":"2015-03-06T19:30:40","date_gmt":"2015-03-06T18:30:40","guid":{"rendered":"http:\/\/izba.wroclawska.komornik.pl\/?page_id=126"},"modified":"2026-02-23T10:44:19","modified_gmt":"2026-02-23T09:44:19","slug":"rejestr-asesorow-komorniczych","status":"publish","type":"page","link":"https:\/\/izba.wroclawska.komornik.pl\/?page_id=126","title":{"rendered":"Rejestr asesor\u00f3w komorniczych"},"content":{"rendered":"<table style=\"height: 3021px;\" width=\"1571\">\n<tbody>\n<tr>\n<td width=\"64\">Lp.<\/td>\n<td width=\"64\">Nazwisko<\/td>\n<td width=\"64\">Imi\u0119<\/td>\n<td width=\"1140\">Kancelaria komornicza<\/td>\n<\/tr>\n<tr>\n<td>1<\/td>\n<td>Agranov<\/td>\n<td>Arkadii<\/td>\n<td>Komornik S\u0105dowy przy S\u0105dzie Rejonowym dla Wroc\u0142awia-Fabrycznej we Wroc\u0142awiu Robert Hubacz Kancelaria Komornicza nr VII we Wroc\u0142awiu<\/td>\n<\/tr>\n<tr>\n<td>2<\/td>\n<td>Anio\u0142czyk-Grochowalska<\/td>\n<td>Nikola<\/td>\n<td>Komornik S\u0105dowy przy S\u0105dzie Rejonowym dla Wroc\u0142awia-Fabrycznej we Wroc\u0142awiu Agata Krasiczy\u0144ska-Knuter Kancelaria Komornicza nr XV we Wroc\u0142awiu<\/td>\n<\/tr>\n<tr>\n<td>3<\/td>\n<td>Bandyk-Glapi\u0144ska<\/td>\n<td>Klaudia<\/td>\n<td>Komornik S\u0105dowy przy S\u0105dzie Rejonowym dla Wroc\u0142awia-Fabrycznej we Wroc\u0142awiu Joanna \u017b\u00f3\u0142ta\u0144ska-Czyleko Kancelaria Komornicza nr XXX we Wroc\u0142awiu<\/td>\n<\/tr>\n<tr>\n<td>4<\/td>\n<td>Bartoszek<\/td>\n<td>Jagoda<\/td>\n<td>Komornik S\u0105dowy przy S\u0105dzie Rejonowym w Strzelcach Opolskich Rafa\u0142 Kucharczyk Kancelaria Komornicza nr IV w Strzelcach Opolskich<\/td>\n<\/tr>\n<tr>\n<td>5<\/td>\n<td>Bednarski<\/td>\n<td>Mateusz<\/td>\n<td>Komornik S\u0105dowy przy S\u0105dzie Rejonowym dla Wroc\u0142awia-Krzyk\u00f3w we Wroc\u0142awiu Sylwia Cupa\u0142 Kancelaria Komornicza nr III we Wroc\u0142awiu<\/td>\n<\/tr>\n<tr>\n<td>6<\/td>\n<td>Be\u0142zowska<\/td>\n<td>Izabela<\/td>\n<td>Komornik S\u0105dowy przy S\u0105dzie Rejonowym dla Wroc\u0142awia-Krzyk\u00f3w we Wroc\u0142awiu \u0141ukasz Snacki Kancelaria Komornicza nr XXIII we Wroc\u0142awiu<\/td>\n<\/tr>\n<tr>\n<td>7<\/td>\n<td>Bieniek<\/td>\n<td>Pawe\u0142<\/td>\n<td>Komornik S\u0105dowy przy S\u0105dzie Rejonowym w Strzelcach Opolskich Monika Pawlewska Kancelaria Komornicza nr II w Strzelcach Opolskich<\/td>\n<\/tr>\n<tr>\n<td>8<\/td>\n<td>Blak<\/td>\n<td>Marzena<\/td>\n<td>Komornik S\u0105dowy przy S\u0105dzie Rejonowym w Strzelcach Opolskich Jacek Wiesio\u0142ek Kancelaria Komornicza nr III w Strzelcach Opolskich<\/td>\n<\/tr>\n<tr>\n<td>9<\/td>\n<td>Brzezi\u0144ska<\/td>\n<td>Magdalena<\/td>\n<td>Komornik S\u0105dowy przy S\u0105dzie Rejonowym dla Wroc\u0142awia-Krzyk\u00f3w we Wroc\u0142awiu Przemys\u0142aw Kapera Kancelaria Komornicza nr IX we Wroc\u0142awiu<\/td>\n<\/tr>\n<tr>\n<td>10<\/td>\n<td>Buczek<\/td>\n<td>Norbert<\/td>\n<td>Zast\u0119pca Komornika S\u0105dowego przy S\u0105dzie Rejonowym w Legnicy Ireneusza Buczka &#8211; Komornik Ewa Bagi\u0144ska-Tyzenhauz Kancelaria Komornicza nr I w Legnicy<\/td>\n<\/tr>\n<tr>\n<td>11<\/td>\n<td>Cupa\u0142<\/td>\n<td>Dominika<\/td>\n<td>Komornik S\u0105dowy przy S\u0105dzie Rejonowym dla Wroc\u0142awia-Krzyk\u00f3w we Wroc\u0142awiu Sylwia Cupa\u0142 Kancelaria Komornicza nr III we Wroc\u0142awiu<\/td>\n<\/tr>\n<tr>\n<td>12<\/td>\n<td>Cymba\u0142a<\/td>\n<td>Tomasz<\/td>\n<td>Komornik S\u0105dowy przy S\u0105dzie Rejonowym w Kamiennej G\u00f3rze Magdalena Tarkowska-Cymba\u0142a Kancelaria Komornicza nr II w Kamiennej G\u00f3rze<\/td>\n<\/tr>\n<tr>\n<td>13<\/td>\n<td>D\u0142ugosz<\/td>\n<td>Krzysztof<\/td>\n<td>Komornik S\u0105dowy przy S\u0105dzie Rejonowym w Opolu Szymon Krawczyk Kancelaria Komornicza nr VII w Opolu<\/td>\n<\/tr>\n<tr>\n<td>14<\/td>\n<td>Dobrakowska<\/td>\n<td>Aneta<\/td>\n<td>Zast\u0119pca Komornika S\u0105dowego przy S\u0105dzie Rejonowym w Opolu Ewy Czapli\u0144skiej-Sikory &#8211; Komornik Mateusz Dobrakowski Kancelaria Komornicza nr III w Opolu<\/td>\n<\/tr>\n<tr>\n<td>15<\/td>\n<td>Dobrakowska<\/td>\n<td>Aneta<\/td>\n<td>Komornik S\u0105dowy przy S\u0105dzie Rejonowym w Brzegu Mateusz Dobrakowski Kancelaria Komornicza nr IV w Brzegu<\/td>\n<\/tr>\n<tr>\n<td>16<\/td>\n<td>Durczewska<\/td>\n<td>Marika<\/td>\n<td>Komornik S\u0105dowy przy S\u0105dzie Rejonowym dla Wroc\u0142awia-\u015ar\u00f3dmie\u015bcia we Wroc\u0142awiu Maciej Piotrowski Kancelaria Komornicza nr XIV we Wroc\u0142awiu<\/td>\n<\/tr>\n<tr>\n<td>17<\/td>\n<td>Duszkiewicz<\/td>\n<td>Justyna<\/td>\n<td>Zast\u0119pca Komornika S\u0105dowego przy S\u0105dzie Rejonowym w O\u0142awie Andrzeja Paluszka &#8211; Komornik Tomasz Kinastowski Kancelaria Komornicza nr III w O\u0142awie<\/td>\n<\/tr>\n<tr>\n<td>18<\/td>\n<td>Feiga<\/td>\n<td>Izabela<\/td>\n<td>Komornik S\u0105dowy przy S\u0105dzie Rejonowym dla Wroc\u0142awia-Krzyk\u00f3w we Wroc\u0142awiu Bartosz R\u00f3\u017cycki Kancelaria Komornicza nr XXXI we Wroc\u0142awiu<\/td>\n<\/tr>\n<tr>\n<td>19<\/td>\n<td>Gonera<\/td>\n<td>Katarzyna<\/td>\n<td>Komornik S\u0105dowy przy S\u0105dzie Rejonowym w Wa\u0142brzychu Bartosz Falender Kancelaria Komornicza nr VIII w Wa\u0142brzychu<\/td>\n<\/tr>\n<tr>\n<td>20<\/td>\n<td>Graba<\/td>\n<td>Bart\u0142omiej<\/td>\n<td>Komornik S\u0105dowy przy S\u0105dzie Rejonowym w Lw\u00f3wku \u015al\u0105skim Ma\u0142gorzata Powalska-Graba Kancelaria Komornicza nr I w Lw\u00f3wku \u015al\u0105skim<\/td>\n<\/tr>\n<tr>\n<td>21<\/td>\n<td>Grzechnik<\/td>\n<td>Adriana<\/td>\n<td>Komornik S\u0105dowy przy S\u0105dzie Rejonowym w Legnicy Piotr Grzechnik Kancelaria Komornicza nr VIII w Legnicy<\/td>\n<\/tr>\n<tr>\n<td>22<\/td>\n<td>Janiak<\/td>\n<td>Wojciech<\/td>\n<td>Komornik S\u0105dowy przy S\u0105dzie Rejonowym dla Wroc\u0142awia-Fabrycznej we Wroc\u0142awiu Wojciech Bielecki Kancelaria Komornicza nr III we Wroc\u0142awiu<\/td>\n<\/tr>\n<tr>\n<td>23<\/td>\n<td>Jurczyk<\/td>\n<td>Dominik<\/td>\n<td>Komornik S\u0105dowy przy S\u0105dzie Rejonowym dla Wroc\u0142awia-Krzyk\u00f3w we Wroc\u0142awiu Wojciech Opielewicz Kancelaria Komornicza nr XVI we Wroc\u0142awiu<\/td>\n<\/tr>\n<tr>\n<td>24<\/td>\n<td>Kinastowska-Kaczan<\/td>\n<td>Marta<\/td>\n<td>Komornik S\u0105dowy przy S\u0105dzie Rejonowym dla Wroc\u0142awia-Fabrycznej we Wroc\u0142awiu Tomasz Kinastowski Kancelaria Komornicza nr XI we Wroc\u0142awiu<\/td>\n<\/tr>\n<tr>\n<td>25<\/td>\n<td>Koli\u0144ski<\/td>\n<td>Wojciech<\/td>\n<td>Komornik S\u0105dowy przy S\u0105dzie Rejonowym w K\u0119dzierzynie-Ko\u017alu \u0141ukasz Rogosz Kancelaria Komornicza nr III w K\u0119dzierzynie-Ko\u017alu<\/td>\n<\/tr>\n<tr>\n<td>26<\/td>\n<td>Kosowska-O\u015blak<\/td>\n<td>Rozalia<\/td>\n<td>Komornik S\u0105dowy przy S\u0105dzie Rejonowym w Boles\u0142awcu Grzegorz Krukar Kancelaria Komornicza nr I w Boles\u0142awcu<\/td>\n<\/tr>\n<tr>\n<td>27<\/td>\n<td>Kowalska<\/td>\n<td>Justyna<\/td>\n<td>Komornik S\u0105dowy przy S\u0105dzie Rejonowym dla Wroc\u0142awia-Krzyk\u00f3w we Wroc\u0142awiu Joanna Maria Bu\u0142ka Kancelaria Komornicza nr II we Wroc\u0142awiu<\/td>\n<\/tr>\n<tr>\n<td>28<\/td>\n<td>Kozdrowiecka<\/td>\n<td>Karolina<\/td>\n<td>Komornik S\u0105dowy przy S\u0105dzie Rejonowym dla Wroc\u0142awia-Fabrycznej we Wroc\u0142awiu Kamila Staszczak Kancelaria Komornicza nr XXI we Wroc\u0142awiu<\/td>\n<\/tr>\n<tr>\n<td>29<\/td>\n<td>Kozio\u0142kiewicz<\/td>\n<td>Agnieszka<\/td>\n<td>Komornik S\u0105dowy przy S\u0105dzie Rejonowym dla Wroc\u0142awia-\u015ar\u00f3dmie\u015bcia we Wroc\u0142awiu Jagoda Winiarska-Krysztofiak Kancelaria Komornicza nr XVI we Wroc\u0142awiu<\/td>\n<\/tr>\n<tr>\n<td>30<\/td>\n<td>Kozio\u0142kiewicz<\/td>\n<td>Agnieszka<\/td>\n<td>Komornik S\u0105dowy przy S\u0105dzie Rejonowym w Ole\u015bnicy Rafa\u0142 Kowalczyk Kancelaria Komornicza nr VII w Kie\u0142czowie<\/td>\n<\/tr>\n<tr>\n<td>31<\/td>\n<td>Krompiec<\/td>\n<td>Ewelina Antonina<\/td>\n<td>Komornik S\u0105dowy przy S\u0105dzie Rejonowym w Opolu Tomasz Kondziela Kancelaria Komornicza nr VI w Opolu<\/td>\n<\/tr>\n<tr>\n<td>32<\/td>\n<td>Kruk<\/td>\n<td>Dawid<\/td>\n<td>Komornik S\u0105dowy przy S\u0105dzie Rejonowym dla Wroc\u0142awia-Fabrycznej we Wroc\u0142awiu Micha\u0142 Gi\u017cewski Kancelaria Komornicza nr V we Wroc\u0142awiu<\/td>\n<\/tr>\n<tr>\n<td>33<\/td>\n<td>Kubat<\/td>\n<td>Piotr<\/td>\n<td>Komornik S\u0105dowy przy S\u0105dzie Rejonowym w Ole\u015bnie Aleksandra Wr\u0119czycka Kancelaria Komornicza nr II w Ole\u015bnie<\/td>\n<\/tr>\n<tr>\n<td>34<\/td>\n<td>Kusa<\/td>\n<td>Grzegorz<\/td>\n<td>Komornik S\u0105dowy przy S\u0105dzie Rejonowym dla Wroc\u0142awia-\u015ar\u00f3dmie\u015bcia we Wroc\u0142awiu Edyta Kargul Kancelaria Komornicza nr IV we Wroc\u0142awiu<\/td>\n<\/tr>\n<tr>\n<td>35<\/td>\n<td>Kutypa<\/td>\n<td>Nikoletta<\/td>\n<td>Komornik S\u0105dowy przy S\u0105dzie Rejonowym w Strzelinie Malwina Sumicka Kancelaria Komornicza nr III w Strzelinie<\/td>\n<\/tr>\n<tr>\n<td>36<\/td>\n<td>Lasota<\/td>\n<td>Rafa\u0142<\/td>\n<td>Komornik S\u0105dowy przy S\u0105dzie Rejonowym dla Wroc\u0142awia-Krzyk\u00f3w we Wroc\u0142awiu Gabriela Morawiec Kancelaria Komornicza nr XIV we Wroc\u0142awiu<\/td>\n<\/tr>\n<tr>\n<td>37<\/td>\n<td>Lasota<\/td>\n<td>Anna<\/td>\n<td>Komornik S\u0105dowy przy S\u0105dzie Rejonowym w Opolu Joanna Krobicka Kancelaria Komornicza nr VIII w Opolu<\/td>\n<\/tr>\n<tr>\n<td>38<\/td>\n<td>Lewandowski<\/td>\n<td>Konrad<\/td>\n<td>Komornik S\u0105dowy przy S\u0105dzie Rejonowym dla Wroc\u0142awia-Krzyk\u00f3w we Wroc\u0142awiu Bo\u017cena Tarnowska Kancelaria Komornicza nr XXIV we Wroc\u0142awiu<\/td>\n<\/tr>\n<tr>\n<td>39<\/td>\n<td>Majzner<\/td>\n<td>Katarzyna<\/td>\n<td>Komornik S\u0105dowy przy S\u0105dzie Rejonowym w Jeleniej G\u00f3rze Robert Dudek Kancelaria Komornicza nr II w Jeleniej G\u00f3rze<\/td>\n<\/tr>\n<tr>\n<td>40<\/td>\n<td>Malinowska<\/td>\n<td>Nikolina<\/td>\n<td>Komornik S\u0105dowy przy S\u0105dzie Rejonowym dla Wroc\u0142awia-Fabrycznej we Wroc\u0142awiu Micha\u0142 Gi\u017cewski Kancelaria Komornicza nr V we Wroc\u0142awiu<\/td>\n<\/tr>\n<tr>\n<td>41<\/td>\n<td>Malinowski<\/td>\n<td>S\u0142awomir<\/td>\n<td>Komornik S\u0105dowy przy S\u0105dzie Rejonowym w G\u0142ogowie Pawe\u0142 Czaplicki Kancelaria Komornicza nr IV w G\u0142ogowie<\/td>\n<\/tr>\n<tr>\n<td>42<\/td>\n<td>Mertuszka<\/td>\n<td>Katarzyna<\/td>\n<td>Komornik S\u0105dowy przy S\u0105dzie Rejonowym w \u015awidnicy Ida Piecuch Kancelaria Komornicza nr II w \u015awidnicy<\/td>\n<\/tr>\n<tr>\n<td>43<\/td>\n<td>Mielcarek<\/td>\n<td>Dominik<\/td>\n<td>Komornik S\u0105dowy przy S\u0105dzie Rejonowym w \u015awidnicy Martin Bo\u017ckow Kancelaria Komornicza nr I w \u015awidnicy<\/td>\n<\/tr>\n<tr>\n<td>44<\/td>\n<td>Mika<\/td>\n<td>Marta<\/td>\n<td>Komornik S\u0105dowy przy S\u0105dzie Rejonowym dla Wroc\u0142awia-Fabrycznej we Wroc\u0142awiu Micha\u0142 Kaczan Kancelaria Komornicza nr XXV we Wroc\u0142awiu<\/td>\n<\/tr>\n<tr>\n<td>45<\/td>\n<td>Misiak<\/td>\n<td>Patryk<\/td>\n<td>Komornik S\u0105dowy przy S\u0105dzie Rejonowym dla Wroc\u0142awia-Krzyk\u00f3w we Wroc\u0142awiu Stanis\u0142aw Prus Kancelaria Komornicza nr XIX we Wroc\u0142awiu<\/td>\n<\/tr>\n<tr>\n<td>46<\/td>\n<td>Muszy\u0144ski<\/td>\n<td>Bartosz<\/td>\n<td>Komornik S\u0105dowy przy S\u0105dzie Rejonowym w Ole\u015bnicy Grzegorz Obrzud Kancelaria Komornicza nr V w Ole\u015bnicy<\/td>\n<\/tr>\n<tr>\n<td>47<\/td>\n<td>Nowak<\/td>\n<td>Przemys\u0142aw<\/td>\n<td>Komornik S\u0105dowy przy S\u0105dzie Rejonowym w Jeleniej G\u00f3rze Tomasz Rodacki Kancelaria Komornicza nr VI w Jeleniej G\u00f3rze<\/td>\n<\/tr>\n<tr>\n<td>48<\/td>\n<td>Orzelski<\/td>\n<td>Jacek<\/td>\n<td>Komornik S\u0105dowy przy S\u0105dzie Rejonowym dla Wroc\u0142awia-Krzyk\u00f3w we Wroc\u0142awiu Adam Nicewicz Kancelaria Komornicza nr XV we Wroc\u0142awiu<\/td>\n<\/tr>\n<tr>\n<td>49<\/td>\n<td>Parady\u017c<\/td>\n<td>Joanna<\/td>\n<td>Zast\u0119pca Komornika S\u0105dowego przy S\u0105dzie Rejonowym w Strzelinie Jana Her\u00f3da &#8211; Komornik Marek Bobowski Kancelaria Komornicza nr I w Strzelinie<\/td>\n<\/tr>\n<tr>\n<td>50<\/td>\n<td>Parkitna-D\u017cumak<\/td>\n<td>Anna<\/td>\n<td>Komornik S\u0105dowy przy S\u0105dzie Rejonowym dla Wroc\u0142awia-Krzyk\u00f3w we Wroc\u0142awiu Emilia Matlak Kancelaria Komornicza nr XII we Wroc\u0142awiu<\/td>\n<\/tr>\n<tr>\n<td>51<\/td>\n<td>Pawi\u0142oj\u0107<\/td>\n<td>Jakub<\/td>\n<td>Komornik S\u0105dowy przy S\u0105dzie Rejonowym w Jeleniej G\u00f3rze Robert Dudek Kancelaria Komornicza nr II w Jeleniej G\u00f3rze<\/td>\n<\/tr>\n<tr>\n<td>52<\/td>\n<td>Pawlicka<\/td>\n<td>Ewelina<\/td>\n<td>Komornik S\u0105dowy przy S\u0105dzie Rejonowym w O\u0142awie Micha\u0142 Szymik Kancelaria Komornicza nr IV w O\u0142awie<\/td>\n<\/tr>\n<tr>\n<td>53<\/td>\n<td>Petryszyn<\/td>\n<td>Piotr<\/td>\n<td>Komornik S\u0105dowy przy S\u0105dzie Rejonowym w \u015awidnicy Aleksander Suszycki Kancelaria Komornicza nr V w \u015awidnicy<\/td>\n<\/tr>\n<tr>\n<td>54<\/td>\n<td>Pietrzycki<\/td>\n<td>Piotr<\/td>\n<td>Zast\u0119pca Komornika S\u0105dowego przy S\u0105dzie Rejonowym w Dzier\u017coniowie Macieja Majchrzaka &#8211; komornik Krzysztof Rogowski Kancelaria Komornicza nr II w Dzier\u017coniowie<\/td>\n<\/tr>\n<tr>\n<td>55<\/td>\n<td>Pietrzycki<\/td>\n<td>Piotr<\/td>\n<td>Komornik S\u0105dowy przy S\u0105dzie Rejonowym w \u015awidnicy Krzysztof Rogowski Kancelaria Komornicza nr IV w \u015awidnicy<\/td>\n<\/tr>\n<tr>\n<td>56<\/td>\n<td>Podlasek<\/td>\n<td>Anna<\/td>\n<td>Komornik S\u0105dowy przy S\u0105dzie Rejonowym dla Wroc\u0142awia-\u015ar\u00f3dmie\u015bcia we Wroc\u0142awiu Roman Romanowski Kancelaria Komornicza nr XVII we Wroc\u0142awiu<\/td>\n<\/tr>\n<tr>\n<td>57<\/td>\n<td>Przybylska<\/td>\n<td>Daria<\/td>\n<td>Komornik S\u0105dowy przy S\u0105dzie Rejonowym w Brzegu Mateusz Dobrakowski Kancelaria Komornicza nr IV w Brzegu<\/td>\n<\/tr>\n<tr>\n<td>58<\/td>\n<td>Rojek<\/td>\n<td>Mariusz<\/td>\n<td>Komornik S\u0105dowy przy S\u0105dzie Rejonowym w G\u0142ogowie Rados\u0142aw Kowalczewski Kancelaria Komornicza nr II w G\u0142ogowie<\/td>\n<\/tr>\n<tr>\n<td>59<\/td>\n<td>Siembab<\/td>\n<td>Dawid<\/td>\n<td>Komornik S\u0105dowy przy S\u0105dzie Rejonowym dla Wroc\u0142awia-\u015ar\u00f3dmie\u015bcia we Wroc\u0142awiu Aleksander \u015al\u0119zak Kancelaria Komornicza nr XVIII we Wroc\u0142awiu<\/td>\n<\/tr>\n<tr>\n<td>60<\/td>\n<td>Sienkiewicz<\/td>\n<td>Joanna<\/td>\n<td>Komornik S\u0105dowy przy S\u0105dzie Rejonowym w Jeleniej G\u00f3rze Mariusz Kope\u0107 Kancelaria Komornicza nr V w Jeleniej G\u00f3rze<\/td>\n<\/tr>\n<tr>\n<td>61<\/td>\n<td>Sobecka-Chodasewicz<\/td>\n<td>Anna<\/td>\n<td>Komornik S\u0105dowy przy S\u0105dzie Rejonowym dla Wroc\u0142awia-Fabrycznej we Wroc\u0142awiu Artur Wojnar Kancelaria Komornicza nr XXVII we Wroc\u0142awiu<\/td>\n<\/tr>\n<tr>\n<td>62<\/td>\n<td>Sopiak<\/td>\n<td>Laura<\/td>\n<td>Komornik S\u0105dowy przy S\u0105dzie Rejonowym dla Wroc\u0142awia-\u015ar\u00f3dmie\u015bcia we Wroc\u0142awiu Micha\u0142 Kinastowski Kancelaria Komornicza nr XXIV we Wroc\u0142awiu<\/td>\n<\/tr>\n<tr>\n<td>63<\/td>\n<td>Staszczyszyn<\/td>\n<td>Karolina<\/td>\n<td>Komornik S\u0105dowy przy S\u0105dzie Rejonowym w \u015awidnicy Jolanta P\u0142aza Kancelaria Komornicza nr III w \u015awidnicy<\/td>\n<\/tr>\n<tr>\n<td>64<\/td>\n<td>St\u0119pie\u0144<\/td>\n<td>Katarzyna<\/td>\n<td>Komornik S\u0105dowy przy S\u0105dzie Rejonowym w Lubinie Maciej Kowalczyk Kancelaria Komornicza nr IV w Lubinie<\/td>\n<\/tr>\n<tr>\n<td>65<\/td>\n<td>Unterharnscheidt<\/td>\n<td>Kinga<\/td>\n<td>Komornik S\u0105dowy przy S\u0105dzie Rejonowym dla Wroc\u0142awia-\u015ar\u00f3dmie\u015bcia we Wroc\u0142awiu Jagoda Winiarska-Krysztofiak Kancelaria Komornicza nr XVI we Wroc\u0142awiu<\/td>\n<\/tr>\n<tr>\n<td>66<\/td>\n<td>Urba\u0144ska<\/td>\n<td>Paulina<\/td>\n<td>Komornik S\u0105dowy przy S\u0105dzie Rejonowym dla Wroc\u0142awia-Fabrycznej we Wroc\u0142awiu Rados\u0142aw Bagi\u0144ski Kancelaria Komornicza nr I we Wroc\u0142awiu<\/td>\n<\/tr>\n<tr>\n<td>67<\/td>\n<td>U\u015bcinowicz<\/td>\n<td>Agnieszka<\/td>\n<td>Komornik S\u0105dowy przy S\u0105dzie Rejonowym w Kluczborku Grzegorz B\u0142aut Kancelaria Komornicza nr I w Kluczborku<\/td>\n<\/tr>\n<tr>\n<td>68<\/td>\n<td>Wachowicz<\/td>\n<td>Luiza<\/td>\n<td>Komornik S\u0105dowy przy S\u0105dzie Rejonowym w Trzebnicy Damian Mili\u0144ski Kancelaria Komornicza nr II w Trzebnicy<\/td>\n<\/tr>\n<tr>\n<td>69<\/td>\n<td>Wanago<\/td>\n<td>Justyna<\/td>\n<td>Komornik S\u0105dowy przy S\u0105dzie Rejonowym w Wa\u0142brzychu Magdalena Maria M\u0105drzejewska Kancelaria Komornicza nr III w Wa\u0142brzychu<\/td>\n<\/tr>\n<tr>\n<td>70<\/td>\n<td>Warczyk<\/td>\n<td>Micha\u0142<\/td>\n<td>Komornik S\u0105dowy przy S\u0105dzie Rejonowym w K\u0142odzku Andrzej Suszycki Kancelaria Komornicza nr VII w K\u0142odzku<\/td>\n<\/tr>\n<tr>\n<td>71<\/td>\n<td>Waz<\/td>\n<td>Krzysztof<\/td>\n<td>Komornik S\u0105dowy przy S\u0105dzie Rejonowym dla Wroc\u0142awia-Krzyk\u00f3w we Wroc\u0142awiu Kamila Czapor-Mleczko Kancelaria Komornicza nr IV we Wroc\u0142awiu<\/td>\n<\/tr>\n<tr>\n<td>72<\/td>\n<td>W\u0119glarz-Zagajewska<\/td>\n<td>Magdalena<\/td>\n<td>Komornik S\u0105dowy przy S\u0105dzie Rejonowym w Zgorzelcu Miros\u0142aw Wierzbicki Kancelaria Komornicza nr IV w Zgorzelcu<\/td>\n<\/tr>\n<tr>\n<td>73<\/td>\n<td>Widelska<\/td>\n<td>Natalia<\/td>\n<td>Komornik S\u0105dowy przy S\u0105dzie Rejonowym w G\u0142ogowie Robert Bury Kancelaria Komornicza nr I w G\u0142ogowie<\/td>\n<\/tr>\n<tr>\n<td>74<\/td>\n<td>Witnik<\/td>\n<td>Sylwester<\/td>\n<td>Zast\u0119pca Komornika S\u0105dowego przy S\u0105dzie Rejonowym w Boles\u0142awcu Dariusza Lewkowicza &#8211; Komornik Miros\u0142aw Wierzbicki Kancelaria Komornicza nr II w Boles\u0142awcu<\/td>\n<\/tr>\n<tr>\n<td>75<\/td>\n<td>Wizimirska<\/td>\n<td>Kamila<\/td>\n<td>Komornik S\u0105dowy przy S\u0105dzie Rejonowym w Brzegu Marcin Nowicki Kancelaria Komornicza nr III w Brzegu<\/td>\n<\/tr>\n<tr>\n<td>76<\/td>\n<td>Wizimirska<\/td>\n<td>Kamila<\/td>\n<td>Zast\u0119pca Komornika S\u0105dowego przy S\u0105dzie Rejonowym w Opolu Marii Bujak &#8211; komornik Marcin Nowicki Kancelaria Komornicza nr I w Opolu<\/td>\n<\/tr>\n<tr>\n<td>77<\/td>\n<td>Woronko<\/td>\n<td>Rados\u0142aw<\/td>\n<td>Komornik S\u0105dowy przy S\u0105dzie Rejonowym w Wa\u0142brzychu Monika Janus Kancelaria Komornicza nr II w Wa\u0142brzychu<\/td>\n<\/tr>\n<tr>\n<td>78<\/td>\n<td>Wo\u017aniak<\/td>\n<td>Anna<\/td>\n<td>Zast\u0119pca Komornika S\u0105dowego przy S\u0105dzie Rejonowym dla Wroc\u0142awia-\u015ar\u00f3dmie\u015bcia we Wroc\u0142awiu Marka Kosztowniaka &#8211; Komornik Piotr Kosztowniak Kancelaria Komornicza nr VI we Wroc\u0142awiu<\/td>\n<\/tr>\n<tr>\n<td>79<\/td>\n<td>Zarzeczna-W\u00f3jtowicz<\/td>\n<td>Anna<\/td>\n<td>Zast\u0119pca Komornika S\u0105dowego przy S\u0105dzie Rejonowym w O\u0142awie Andrzeja Paluszka &#8211; Komornik Tomasz Kinastowski Kancelaria Komornicza nr III w O\u0142awie<\/td>\n<\/tr>\n<tr>\n<td>80<\/td>\n<td>Zeman<\/td>\n<td>Justyna<\/td>\n<td>Komornik S\u0105dowy przy S\u0105dzie Rejonowym w Opolu Bartosz Ciszak Kancelaria Komornicza nr II w Opolu<\/td>\n<\/tr>\n<tr>\n<td>81<\/td>\n<td>\u017b\u00f3\u0142kowska<\/td>\n<td>Paulina<\/td>\n<td>Komornik S\u0105dowy przy S\u0105dzie Rejonowym dla Wroc\u0142awia-Krzyk\u00f3w we Wroc\u0142awiu Pawe\u0142 Reps Kancelaria Komornicza nr XX we Wroc\u0142awiu<\/td>\n<\/tr>\n<\/tbody>\n<\/table>\n","protected":false},"excerpt":{"rendered":"<p>Lp. Nazwisko Imi\u0119 Kancelaria komornicza 1 Agranov Arkadii Komornik S\u0105dowy przy S\u0105dzie Rejonowym dla Wroc\u0142awia-Fabrycznej we Wroc\u0142awiu Robert Hubacz Kancelaria [&hellip;]<\/p>\n","protected":false},"author":4,"featured_media":0,"parent":124,"menu_order":0,"comment_status":"open","ping_status":"closed","template":"","meta":{"footnotes":""},"class_list":["post-126","page","type-page","status-publish","hentry"],"_links":{"self":[{"href":"https:\/\/izba.wroclawska.komornik.pl\/index.php?rest_route=\/wp\/v2\/pages\/126","targetHints":{"allow":["GET"]}}],"collection":[{"href":"https:\/\/izba.wroclawska.komornik.pl\/index.php?rest_route=\/wp\/v2\/pages"}],"about":[{"href":"https:\/\/izba.wroclawska.komornik.pl\/index.php?rest_route=\/wp\/v2\/types\/page"}],"author":[{"embeddable":true,"href":"https:\/\/izba.wroclawska.komornik.pl\/index.php?rest_route=\/wp\/v2\/users\/4"}],"replies":[{"embeddable":true,"href":"https:\/\/izba.wroclawska.komornik.pl\/index.php?rest_route=%2Fwp%2Fv2%2Fcomments&post=126"}],"version-history":[{"count":63,"href":"https:\/\/izba.wroclawska.komornik.pl\/index.php?rest_route=\/wp\/v2\/pages\/126\/revisions"}],"predecessor-version":[{"id":3017,"href":"https:\/\/izba.wroclawska.komornik.pl\/index.php?rest_route=\/wp\/v2\/pages\/126\/revisions\/3017"}],"up":[{"embeddable":true,"href":"https:\/\/izba.wroclawska.komornik.pl\/index.php?rest_route=\/wp\/v2\/pages\/124"}],"wp:attachment":[{"href":"https:\/\/izba.wroclawska.komornik.pl\/index.php?rest_route=%2Fwp%2Fv2%2Fmedia&parent=126"}],"curies":[{"name":"wp","href":"https:\/\/api.w.org\/{rel}","templated":true}]}}