
{"id":124,"date":"2015-03-06T19:30:07","date_gmt":"2015-03-06T18:30:07","guid":{"rendered":"http:\/\/izba.wroclawska.komornik.pl\/?page_id=124"},"modified":"2019-03-13T13:39:21","modified_gmt":"2019-03-13T12:39:21","slug":"rejestry-i-ewidencje","status":"publish","type":"page","link":"https:\/\/izba.wroclawska.komornik.pl\/?page_id=124","title":{"rendered":"Rejestry i ewidencje"},"content":{"rendered":"<div class=\"headline\">\n<h1 class=\"title\">Rejestry i ewidencje<\/h1>\n<\/div>\n<p>Izba komornicza zgodnie z przepisami ustawy\u00a0z dnia 22 marca 2018 r. o komornikach s\u0105dowych prowadzi poni\u017csze rejestry [poni\u017cej wyci\u0105g z przepis\u00f3w]:<\/p>\n<h6>Art. 212.<\/h6>\n<p>1. Do zakresu dzia\u0142ania rady izby komorniczej nale\u017cy:<\/p>\n<p>[&#8230;]<\/p>\n<p>9) prowadzenie rejestr\u00f3w komornik\u00f3w i asesor\u00f3w oraz rejestru kancelarii i ich siedzib w obr\u0119bie danej izby komorniczej oraz zamieszczanie ich na stronie internetowej izby komorniczej;<\/p>\n","protected":false},"excerpt":{"rendered":"<p>Rejestry i ewidencje Izba komornicza zgodnie z przepisami ustawy\u00a0z dnia 22 marca 2018 r. o komornikach s\u0105dowych prowadzi poni\u017csze rejestry [&hellip;]<\/p>\n","protected":false},"author":4,"featured_media":0,"parent":700,"menu_order":0,"comment_status":"open","ping_status":"closed","template":"","meta":{"footnotes":""},"class_list":["post-124","page","type-page","status-publish","hentry"],"_links":{"self":[{"href":"https:\/\/izba.wroclawska.komornik.pl\/index.php?rest_route=\/wp\/v2\/pages\/124","targetHints":{"allow":["GET"]}}],"collection":[{"href":"https:\/\/izba.wroclawska.komornik.pl\/index.php?rest_route=\/wp\/v2\/pages"}],"about":[{"href":"https:\/\/izba.wroclawska.komornik.pl\/index.php?rest_route=\/wp\/v2\/types\/page"}],"author":[{"embeddable":true,"href":"https:\/\/izba.wroclawska.komornik.pl\/index.php?rest_route=\/wp\/v2\/users\/4"}],"replies":[{"embeddable":true,"href":"https:\/\/izba.wroclawska.komornik.pl\/index.php?rest_route=%2Fwp%2Fv2%2Fcomments&post=124"}],"version-history":[{"count":3,"href":"https:\/\/izba.wroclawska.komornik.pl\/index.php?rest_route=\/wp\/v2\/pages\/124\/revisions"}],"predecessor-version":[{"id":859,"href":"https:\/\/izba.wroclawska.komornik.pl\/index.php?rest_route=\/wp\/v2\/pages\/124\/revisions\/859"}],"up":[{"embeddable":true,"href":"https:\/\/izba.wroclawska.komornik.pl\/index.php?rest_route=\/wp\/v2\/pages\/700"}],"wp:attachment":[{"href":"https:\/\/izba.wroclawska.komornik.pl\/index.php?rest_route=%2Fwp%2Fv2%2Fmedia&parent=124"}],"curies":[{"name":"wp","href":"https:\/\/api.w.org\/{rel}","templated":true}]}}