
{"id":122,"date":"2015-03-06T19:28:55","date_gmt":"2015-03-06T18:28:55","guid":{"rendered":"http:\/\/izba.wroclawska.komornik.pl\/?page_id=122"},"modified":"2020-11-25T09:41:39","modified_gmt":"2020-11-25T08:41:39","slug":"wykaz-aktow-prawnych","status":"publish","type":"page","link":"https:\/\/izba.wroclawska.komornik.pl\/?page_id=122","title":{"rendered":"Wykaz akt\u00f3w prawnych"},"content":{"rendered":"<h2>Og\u0142oszenie w sprawie wykazu tytu\u0142\u00f3w akt\u00f3w prawnych na egzamin wst\u0119pny na aplikacj\u0119 komornicz\u0105 w 2020 r.<\/h2>\n<p class=\"intro\">\n<div class=\"editor-content\">\n<div>\n<p>Na podstawie art. 75 ust. 1 ustawy z dnia 22 marca 2018 r. o komornikach s\u0105dowych (Dz. U. z 2020 r. poz. 121), Przewodnicz\u0105cy zespo\u0142u do przygotowania pyta\u0144 testowych na egzamin wst\u0119pny na aplikacj\u0119 komornicz\u0105, zamieszcza na stronie internetowej Ministerstwa Sprawiedliwo\u015bci oraz udost\u0119pnia w Biuletynie Informacji Publicznej ustalony przez zesp\u00f3\u0142 i zatwierdzony przez Ministra Sprawiedliwo\u015bci wykaz tytu\u0142\u00f3w akt\u00f3w prawnych, wed\u0142ug stanu prawnego obowi\u0105zuj\u0105cego w dniu og\u0142oszenia, z kt\u00f3rych wybrane stanowi\u0107 b\u0119d\u0105 podstaw\u0119 opracowania pyta\u0144 testowych na egzamin wst\u0119pny na aplikacj\u0119 komornicz\u0105 w 2020 r.:<\/p>\n<ol>\n<li>ustawa z dnia 28 kwietnia 1936 r. \u2013 Prawo wekslowe,<\/li>\n<li>Traktat z dnia 25 marca 1957 r. o funkcjonowaniu Unii Europejskiej \u2013 tekst uwzgl\u0119dniaj\u0105cy zmiany wprowadzone Traktatem z Lizbony,<\/li>\n<li>ustawa z dnia 14 czerwca 1960 r. Kodeks post\u0119powania administracyjnego,<\/li>\n<li>ustawa z dnia 25 lutego 1964 r. Kodeks rodzinny i opieku\u0144czy,<\/li>\n<li>ustawa z dnia 23 kwietnia 1964 r. Kodeks cywilny,<\/li>\n<li>ustawa z dnia 17 listopada 1964 r. Kodeks post\u0119powania cywilnego,<\/li>\n<li>ustawa z dnia 17 czerwca 1966 r. o post\u0119powaniu egzekucyjnym w administracji,<\/li>\n<li>ustawa z dnia 26 czerwca 1974 r. Kodeks pracy,<\/li>\n<li>ustawa z dnia 6 lipca 1982 r. o ksi\u0119gach wieczystych i hipotece,<\/li>\n<li>ustawa z dnia 16 wrze\u015bnia 1982 r. \u2013 Prawo sp\u00f3\u0142dzielcze,<\/li>\n<li>ustawa z dnia 6 kwietnia 1984 r. o fundacjach,<\/li>\n<li>ustawa z dnia 8 marca 1990 r. o samorz\u0105dzie gminnym,<\/li>\n<li>ustawa z dnia 26 lipca 1991 r. o podatku dochodowym od os\u00f3b fizycznych,<\/li>\n<li>Traktat z dnia 7 lutego 1992 r. o Unii Europejskiej \u2013 tekst uwzgl\u0119dniaj\u0105cy zmiany wprowadzone Traktatem z Lizbony,<\/li>\n<li>ustawa z dnia 24 czerwca 1994 r. o w\u0142asno\u015bci lokali,<\/li>\n<li>ustawa z dnia 6 grudnia 1996 r. o zastawie rejestrowym i rejestrze zastaw\u00f3w,<\/li>\n<li>ustawa z dnia 2 kwietnia 1997 r. Konstytucja Rzeczypospolitej Polskiej,<\/li>\n<li>ustawa z dnia 6 czerwca 1997 r. Kodeks karny,<\/li>\n<li>ustawa z dnia 20 sierpnia 1997 r. o Krajowym Rejestrze S\u0105dowym,<\/li>\n<li>ustawa z dnia 21 sierpnia 1997 r. o gospodarce nieruchomo\u015bciami,<\/li>\n<li>ustawa z dnia 29 sierpnia 1997 r. \u2013 Ordynacja podatkowa,<\/li>\n<li>ustawa z dnia 29 sierpnia 1997 r. \u2013 Prawo bankowe,<\/li>\n<li>ustawa z dnia 13 pa\u017adziernika 1998 r. o systemie ubezpiecze\u0144 spo\u0142ecznych,<\/li>\n<li>ustawa z dnia 25 czerwca 1999 r. o \u015bwiadczeniach pieni\u0119\u017cnych z ubezpieczenia spo\u0142ecznego w razie choroby i macierzy\u0144stwa,<\/li>\n<li>ustawa z dnia 15 wrze\u015bnia 2000 r. Kodeks sp\u00f3\u0142ek handlowych,<\/li>\n<li>ustawa z dnia 15 grudnia 2000 r. o sp\u00f3\u0142dzielniach mieszkaniowych,<\/li>\n<li>ustawa z dnia 21 czerwca 2001 r. o ochronie praw lokator\u00f3w, mieszkaniowym zasobie gminy i o zmianie Kodeksu cywilnego,<\/li>\n<li>ustawa z dnia 27 lipca 2001 r. \u2013 Prawo o ustroju s\u0105d\u00f3w powszechnych,<\/li>\n<li>ustawa z dnia 25 lipca 2002 r. \u2013 Prawo o ustroju s\u0105d\u00f3w administracyjnych,<\/li>\n<li>ustawa z dnia 28 lutego 2003 r. \u2013 Prawo upad\u0142o\u015bciowe,<\/li>\n<li>ustawa z dnia 11 marca 2004 r. o podatku od towar\u00f3w i us\u0142ug,<\/li>\n<li>ustawa z dnia 17 czerwca 2004 r. o skardze na naruszenie prawa strony do rozpoznania sprawy w post\u0119powaniu przygotowawczym prowadzonym lub nadzorowanym przez prokuratora i post\u0119powaniu s\u0105dowym bez nieuzasadnionej zw\u0142oki,<\/li>\n<li>ustawa z dnia 28 lipca 2005 r. o kosztach s\u0105dowych w sprawach cywilnych,<\/li>\n<li>ustawa z dnia 7 wrze\u015bnia 2007 r. o pomocy osobom uprawnionym do aliment\u00f3w,<\/li>\n<li>ustawa z dnia 24 wrze\u015bnia 2010 r. o ewidencji ludno\u015bci,<\/li>\n<li>ustawa z dnia 4 lutego 2011 r. \u2013 Prawo prywatne mi\u0119dzynarodowe,<\/li>\n<li>ustawa z dnia 30 maja 2014 r. o prawach konsumenta,<\/li>\n<li>ustawa z dnia 28 listopada 2014 r. \u2013 Prawo o aktach stanu cywilnego,<\/li>\n<li>ustawa z dnia 15 maja 2015 r. \u2013 Prawo restrukturyzacyjne,<\/li>\n<li>ustawa z dnia 23 wrze\u015bnia 2016 r. o pozas\u0105dowym rozwi\u0105zywaniu spor\u00f3w konsumenckich,<\/li>\n<li>ustawa z dnia 30 listopada 2016 r. o organizacji i trybie post\u0119powania przed Trybuna\u0142em Konstytucyjnym,<\/li>\n<li>ustawa z dnia 8 grudnia 2017 r. o S\u0105dzie Najwy\u017cszym,<\/li>\n<li>ustawa z dnia 28 lutego 2018 r. o kosztach komorniczych,<\/li>\n<li>ustawa z dnia 6 marca 2018 r. o Centralnej Ewidencji i Informacji o Dzia\u0142alno\u015bci Gospodarczej i Punkcie Informacji dla Przedsi\u0119biorcy,<\/li>\n<li>ustawa z dnia 22 marca 2018 r. o komornikach s\u0105dowych.<\/li>\n<\/ol>\n<\/div>\n<\/div>\n","protected":false},"excerpt":{"rendered":"<p>Og\u0142oszenie w sprawie wykazu tytu\u0142\u00f3w akt\u00f3w prawnych na egzamin wst\u0119pny na aplikacj\u0119 komornicz\u0105 w 2020 r. Na podstawie art. 75 [&hellip;]<\/p>\n","protected":false},"author":4,"featured_media":0,"parent":116,"menu_order":0,"comment_status":"open","ping_status":"closed","template":"","meta":{"footnotes":""},"class_list":["post-122","page","type-page","status-publish","hentry"],"_links":{"self":[{"href":"https:\/\/izba.wroclawska.komornik.pl\/index.php?rest_route=\/wp\/v2\/pages\/122","targetHints":{"allow":["GET"]}}],"collection":[{"href":"https:\/\/izba.wroclawska.komornik.pl\/index.php?rest_route=\/wp\/v2\/pages"}],"about":[{"href":"https:\/\/izba.wroclawska.komornik.pl\/index.php?rest_route=\/wp\/v2\/types\/page"}],"author":[{"embeddable":true,"href":"https:\/\/izba.wroclawska.komornik.pl\/index.php?rest_route=\/wp\/v2\/users\/4"}],"replies":[{"embeddable":true,"href":"https:\/\/izba.wroclawska.komornik.pl\/index.php?rest_route=%2Fwp%2Fv2%2Fcomments&post=122"}],"version-history":[{"count":3,"href":"https:\/\/izba.wroclawska.komornik.pl\/index.php?rest_route=\/wp\/v2\/pages\/122\/revisions"}],"predecessor-version":[{"id":1686,"href":"https:\/\/izba.wroclawska.komornik.pl\/index.php?rest_route=\/wp\/v2\/pages\/122\/revisions\/1686"}],"up":[{"embeddable":true,"href":"https:\/\/izba.wroclawska.komornik.pl\/index.php?rest_route=\/wp\/v2\/pages\/116"}],"wp:attachment":[{"href":"https:\/\/izba.wroclawska.komornik.pl\/index.php?rest_route=%2Fwp%2Fv2%2Fmedia&parent=122"}],"curies":[{"name":"wp","href":"https:\/\/api.w.org\/{rel}","templated":true}]}}