
{"id":116,"date":"2015-03-06T19:25:37","date_gmt":"2015-03-06T18:25:37","guid":{"rendered":"http:\/\/izba.wroclawska.komornik.pl\/?page_id=116"},"modified":"2019-02-02T21:23:07","modified_gmt":"2019-02-02T20:23:07","slug":"aplikacja-komornicza","status":"publish","type":"page","link":"https:\/\/izba.wroclawska.komornik.pl\/?page_id=116","title":{"rendered":"Aplikacja komornicza"},"content":{"rendered":"<div class=\"headline\">\n<div class=\"headline\">\n<h1 class=\"title\">Aplikacja komornicza<\/h1>\n<\/div>\n<p>Aplikantem komorniczym mo\u017ce zosta\u0107 ten, kto:<\/p>\n<p>1) posiada obywatelstwo polskie;<\/p>\n<p>2) ma pe\u0142n\u0105 zdolno\u015b\u0107 do czynno\u015bci prawnych;<\/p>\n<p>3) posiada nieposzlakowan\u0105 opini\u0119;<\/p>\n<p>4) nie by\u0142a karana za przest\u0119pstwo lub przest\u0119pstwo skarbowe;<\/p>\n<p>5) nie jest podejrzana o przest\u0119pstwo \u015bcigane z oskar\u017cenia publicznego lub przest\u0119pstwo skarbowe;<\/p>\n<p>6) uko\u0144czy\u0142a wy\u017csze studia prawnicze w Rzeczypospolitej Polskiej i uzyska\u0142a tytu\u0142 magistra prawa lub zagraniczne studia prawnicze uznane w Rzeczypospolitej Polskiej;<\/p>\n<p>7) jest zdolna ze wzgl\u0119du na stan zdrowia do pe\u0142nienia obowi\u0105zk\u00f3w komornika;<\/p>\n<p>8) uzyska\u0142 pozytywn\u0105 ocen\u0119 z egzaminu konkursowego na aplikacj\u0119 komornicz\u0105, zwanego dalej \u201eegzaminem konkursowym\u201d.<\/p>\n<p>Aplikanta komorniczego zatrudnia komornik.<\/p>\n<p>Osobie spe\u0142niaj\u0105cej warunki, o kt\u00f3rych mowa powy\u017cej nie mo\u017cna odm\u00f3wi\u0107 wpisu na list\u0119 aplikant\u00f3w komorniczych.<\/p>\n<p>Do obowi\u0105zk\u00f3w aplikanta nale\u017cy, w szczeg\u00f3lno\u015bci:<\/p>\n<p>1) uczestniczenie w przewidzianych programem aplikacji zaj\u0119ciach seminaryjnych oraz w praktykach;<\/p>\n<p>2) samodzielne pog\u0142\u0119bianie wiedzy prawniczej i praktycznych umiej\u0119tno\u015bci niezb\u0119dnych do zajmowania stanowiska komornika;<\/p>\n<p>3) przyst\u0119powanie, w wyznaczonym terminie, do sprawdzian\u00f3w wiedzy oraz kolokwium, przeprowadzanych w czasie aplikacji, a tak\u017ce do egzaminu komorniczego.<\/p>\n<p>Aplikacja komornicza jest odp\u0142atna. Koszty szkolenia aplikant\u00f3w komorniczych pokrywane s\u0105 z wnoszonych przez nich op\u0142at.<\/p>\n<\/div>\n","protected":false},"excerpt":{"rendered":"<p>Aplikacja komornicza Aplikantem komorniczym mo\u017ce zosta\u0107 ten, kto: 1) posiada obywatelstwo polskie; 2) ma pe\u0142n\u0105 zdolno\u015b\u0107 do czynno\u015bci prawnych; 3) [&hellip;]<\/p>\n","protected":false},"author":4,"featured_media":0,"parent":700,"menu_order":0,"comment_status":"open","ping_status":"closed","template":"","meta":{"footnotes":""},"class_list":["post-116","page","type-page","status-publish","hentry"],"_links":{"self":[{"href":"https:\/\/izba.wroclawska.komornik.pl\/index.php?rest_route=\/wp\/v2\/pages\/116","targetHints":{"allow":["GET"]}}],"collection":[{"href":"https:\/\/izba.wroclawska.komornik.pl\/index.php?rest_route=\/wp\/v2\/pages"}],"about":[{"href":"https:\/\/izba.wroclawska.komornik.pl\/index.php?rest_route=\/wp\/v2\/types\/page"}],"author":[{"embeddable":true,"href":"https:\/\/izba.wroclawska.komornik.pl\/index.php?rest_route=\/wp\/v2\/users\/4"}],"replies":[{"embeddable":true,"href":"https:\/\/izba.wroclawska.komornik.pl\/index.php?rest_route=%2Fwp%2Fv2%2Fcomments&post=116"}],"version-history":[{"count":1,"href":"https:\/\/izba.wroclawska.komornik.pl\/index.php?rest_route=\/wp\/v2\/pages\/116\/revisions"}],"predecessor-version":[{"id":697,"href":"https:\/\/izba.wroclawska.komornik.pl\/index.php?rest_route=\/wp\/v2\/pages\/116\/revisions\/697"}],"up":[{"embeddable":true,"href":"https:\/\/izba.wroclawska.komornik.pl\/index.php?rest_route=\/wp\/v2\/pages\/700"}],"wp:attachment":[{"href":"https:\/\/izba.wroclawska.komornik.pl\/index.php?rest_route=%2Fwp%2Fv2%2Fmedia&parent=116"}],"curies":[{"name":"wp","href":"https:\/\/api.w.org\/{rel}","templated":true}]}}