
{"id":1157,"date":"2019-09-18T06:35:55","date_gmt":"2019-09-18T04:35:55","guid":{"rendered":"http:\/\/izba.wroclawska.komornik.pl\/?page_id=1157"},"modified":"2019-09-18T06:35:55","modified_gmt":"2019-09-18T04:35:55","slug":"linki","status":"publish","type":"page","link":"https:\/\/izba.wroclawska.komornik.pl\/?page_id=1157","title":{"rendered":"Linki"},"content":{"rendered":"<p><center><span style=\"font-family: Verdana; font-size: small;\"><b><a href=\"http:\/\/www.komornik.pl\">Serwis Komornik\u00f3w S\u0105dowych<\/a><\/p>\n<p><a href=\"http:\/\/www.currenda.pl\">Wydawnictwo Polskich Komornik\u00f3w S\u0105dowych<\/a><\/p>\n<p><a href=\"http:\/\/www.izba.bialostocka.komornik.pl\"> Izba Komornicza w Bia\u0142ymstoku<\/a><\/p>\n<p><a href=\"http:\/\/www.izba.gdanska.komornik.pl\"> Izba Komornicza w Gda\u0144sku<\/a><\/p>\n<p><a href=\"http:\/\/www.izba.katowicka.komornik.pl\">Izba Komornicza w Katowicach<\/a><\/p>\n<p><a href=\"http:\/\/www.izba.krakowska.komornik.pl\"> Izba Komornicza w Krakowie<\/a><\/p>\n<p><a href=\"http:\/\/www.izba.lubelska.komornik.pl\"> Izba Komornicza w Lublinie<\/a><\/p>\n<p><a href=\"http:\/\/www.izba.lodzka.komornik.pl\"> Izba Komornicza w \u0141odzi<\/a><\/p>\n<p><a href=\"http:\/\/www.izba.poznanska.komornik.pl\"> Izba Komornicza w Poznaniu<\/a><\/p>\n<p><a href=\"http:\/\/www.izba.rzeszowska.komornik.pl\"> Izba Komornicza w Rzeszowie<\/a><\/p>\n<p><a href=\"http:\/\/www.izba.szczecinska.komornik.pl\"> Izba Komornicza w Szczecinie<\/a><\/p>\n<p><a href=\"http:\/\/www.izba.warszawska.komornik.pl\"> Izba Komornicza w Warszawie<\/a><br \/>\n<\/b><\/span><\/center><\/p>\n","protected":false},"excerpt":{"rendered":"<p>Serwis Komornik\u00f3w S\u0105dowych Wydawnictwo Polskich Komornik\u00f3w S\u0105dowych Izba Komornicza w Bia\u0142ymstoku Izba Komornicza w Gda\u0144sku Izba Komornicza w Katowicach Izba [&hellip;]<\/p>\n","protected":false},"author":4,"featured_media":0,"parent":0,"menu_order":0,"comment_status":"closed","ping_status":"closed","template":"","meta":{"footnotes":""},"class_list":["post-1157","page","type-page","status-publish","hentry"],"_links":{"self":[{"href":"https:\/\/izba.wroclawska.komornik.pl\/index.php?rest_route=\/wp\/v2\/pages\/1157","targetHints":{"allow":["GET"]}}],"collection":[{"href":"https:\/\/izba.wroclawska.komornik.pl\/index.php?rest_route=\/wp\/v2\/pages"}],"about":[{"href":"https:\/\/izba.wroclawska.komornik.pl\/index.php?rest_route=\/wp\/v2\/types\/page"}],"author":[{"embeddable":true,"href":"https:\/\/izba.wroclawska.komornik.pl\/index.php?rest_route=\/wp\/v2\/users\/4"}],"replies":[{"embeddable":true,"href":"https:\/\/izba.wroclawska.komornik.pl\/index.php?rest_route=%2Fwp%2Fv2%2Fcomments&post=1157"}],"version-history":[{"count":1,"href":"https:\/\/izba.wroclawska.komornik.pl\/index.php?rest_route=\/wp\/v2\/pages\/1157\/revisions"}],"predecessor-version":[{"id":1158,"href":"https:\/\/izba.wroclawska.komornik.pl\/index.php?rest_route=\/wp\/v2\/pages\/1157\/revisions\/1158"}],"wp:attachment":[{"href":"https:\/\/izba.wroclawska.komornik.pl\/index.php?rest_route=%2Fwp%2Fv2%2Fmedia&parent=1157"}],"curies":[{"name":"wp","href":"https:\/\/api.w.org\/{rel}","templated":true}]}}